{"id":153,"date":"2025-09-08T18:43:45","date_gmt":"2025-09-08T18:43:45","guid":{"rendered":"https:\/\/topo.art\/ilinu\/?page_id=153"},"modified":"2025-10-06T15:09:21","modified_gmt":"2025-10-06T15:09:21","slug":"ilinu-cest-quoi","status":"publish","type":"page","link":"https:\/\/topo.art\/ilinu\/ilinu-cest-quoi\/","title":{"rendered":"ILINU, c&rsquo;est quoi?"},"content":{"rendered":"\n<p><\/p>\n\n\n\n<div class=\"wp-block-columns is-layout-flex wp-container-core-columns-is-layout-9d6595d7 wp-block-columns-is-layout-flex\">\n<div class=\"wp-block-column is-layout-flow wp-block-column-is-layout-flow\" style=\"flex-basis:66.66%\">\n<p class=\"ilinu-cest-quoi1\" style=\"font-size:24px;font-style:normal;font-weight:700\">Le centre d\u2019artistes montr\u00e9alais TOPO s\u2019associe avec la F\u00e9d\u00e9ration culturelle canadienne fran\u00e7aise (FCCF) pour lancer une nouvelle \u00e9dition de l\u2019Incubateur de litt\u00e9rature num\u00e9rique (ILINU), en visant cette fois l&rsquo;\u00e9change d&rsquo;expertise \u00e0 travers la francophonie canadienne.<\/p>\n\n\n\n<p class=\"ilinu-cest-quoi2 has-medium-font-size\">\u00c0 travers une s\u00e9rie de rencontres virtuelles hebdomadaires gratuites, les mercredis, de midi \u00e0 14&nbsp;h (heure de l\u2019Est), du 8 octobre au 10 d\u00e9cembre, cette initiative cherche \u00e0 regrouper une communaut\u00e9 d\u2019artistes et \u00e9crivain.e.s int\u00e9ress\u00e9.es&nbsp;\u00e0 la cr\u00e9ation litt\u00e9raire avec les outils de cr\u00e9ation et de diffusion num\u00e9rique.<\/p>\n\n\n\n<p class=\"ilinu-cest-quoi2 has-medium-font-size\">Coanim\u00e9 par Michel Lefebvre, directeur g\u00e9n\u00e9ral de TOPO (Montr\u00e9al) et Paul Boss\u00e9, po\u00e8te, cin\u00e9aste et dramaturge (Moncton), le programme favorise la rencontre d&rsquo;une communaut\u00e9 de pratique interprovinciale et la d\u00e9couverte d&rsquo;approches originales \u00e0 travers une vari\u00e9t\u00e9 de th\u00e9matiques, d&rsquo;enjeux et de ressources documentaires. On y discutera de plateformes collaboratives, de litt\u00e9rature en extension (parcours num\u00e9rique et litt\u00e9rature augment\u00e9e), de mise en sc\u00e8ne, de t\u00e9l\u00e9pr\u00e9sence et d\u2019intelligence artificielle comme outil de g\u00e9n\u00e9ration textuelle et cin\u00e9matographique.<\/p>\n\n\n\n<p class=\"ilinu-cest-quoi2 has-medium-font-size\">Le programme se conclura par deux webinaires \u00ab \u00e0 micro ouvert \u00bb, o\u00f9 les personnes int\u00e9ress\u00e9es exposeront bri\u00e8vement leur d\u00e9marche de cr\u00e9ation en litt\u00e9rature et arts num\u00e9riques. Une prochaine phase de l&rsquo;ILINU pr\u00e9voit la diffusion d&rsquo;un appel de projets collaboratifs qui pourraient donner lieu \u00e0 du soutien \u00e0 leur d\u00e9veloppement, en collaboration avec des partenaires.<\/p>\n<\/div>\n\n\n\n<div class=\"wp-block-column is-layout-flow wp-block-column-is-layout-flow\"><\/div>\n\n\n\n<div class=\"wp-block-column is-vertically-aligned-bottom is-layout-flow wp-block-column-is-layout-flow\" style=\"flex-basis:33.33%\">\n<p class=\"has-text-align-center has-medium-font-size\"><mark style=\"background-color:var(--accent)\" class=\"has-inline-color\"><strong>Des webinaires co-anim\u00e9s par :<\/strong><\/mark><\/p>\n\n\n<div class=\"wp-block-image is-style-default\">\n<figure class=\"aligncenter size-medium\"><img loading=\"lazy\" decoding=\"async\" width=\"300\" height=\"300\" src=\"https:\/\/topo.art\/ilinu\/wp-content\/uploads\/2025\/10\/MichelLefebvre_AlainLefort_1x1-300x300.jpg\" alt=\"Michel Lefebvre\" class=\"wp-image-1018\" srcset=\"https:\/\/topo.art\/ilinu\/wp-content\/uploads\/2025\/10\/MichelLefebvre_AlainLefort_1x1-300x300.jpg 300w, https:\/\/topo.art\/ilinu\/wp-content\/uploads\/2025\/10\/MichelLefebvre_AlainLefort_1x1-150x150.jpg 150w, https:\/\/topo.art\/ilinu\/wp-content\/uploads\/2025\/10\/MichelLefebvre_AlainLefort_1x1-768x768.jpg 768w, https:\/\/topo.art\/ilinu\/wp-content\/uploads\/2025\/10\/MichelLefebvre_AlainLefort_1x1.jpg 907w\" sizes=\"(max-width: 300px) 100vw, 300px\" \/><figcaption class=\"wp-element-caption\">Michel Lefebvre<\/figcaption><\/figure>\n<\/div>\n\n<div class=\"wp-block-image\">\n<figure class=\"aligncenter size-medium\"><img loading=\"lazy\" decoding=\"async\" width=\"300\" height=\"300\" src=\"https:\/\/topo.art\/ilinu\/wp-content\/uploads\/2025\/09\/PBphotoSimonDelattre-Paul-Bosse-300x300.jpg\" alt=\"\" class=\"wp-image-398\" srcset=\"https:\/\/topo.art\/ilinu\/wp-content\/uploads\/2025\/09\/PBphotoSimonDelattre-Paul-Bosse-300x300.jpg 300w, https:\/\/topo.art\/ilinu\/wp-content\/uploads\/2025\/09\/PBphotoSimonDelattre-Paul-Bosse-150x150.jpg 150w, https:\/\/topo.art\/ilinu\/wp-content\/uploads\/2025\/09\/PBphotoSimonDelattre-Paul-Bosse.jpg 600w\" sizes=\"(max-width: 300px) 100vw, 300px\" \/><figcaption class=\"wp-element-caption\">Paul Boss\u00e9, po\u00e8te, cin\u00e9aste, dramaturge (Moncton, NB)<\/figcaption><\/figure>\n<\/div><\/div>\n<\/div>\n\n\n\n<h3 class=\"wp-block-heading has-large-font-size\"><strong>Un projet partenarial<\/strong><\/h3>\n\n\n\n<p class=\"ilinu-cest-quoi2 has-medium-font-size\">Ce projet en francophonie canadienne est une initiative de <a href=\"https:\/\/topo.art\/\" target=\"_blank\" rel=\"noreferrer noopener nofollow\">TOPO \u2013 Centre de cr\u00e9ation num\u00e9rique<\/a> avec le soutien de la <a href=\"https:\/\/fccf.ca\/\" target=\"_blank\" rel=\"noreferrer noopener nofollow\">F\u00e9d\u00e9ration culturelle canadienne-fran\u00e7aise (FCCF)<\/a> et de nombreux partenaires du Canada. Ce projet est financ\u00e9 par le minist\u00e8re de la Culture et des Communications du Qu\u00e9bec pour soutenir le d\u00e9veloppement culturel num\u00e9rique.<\/p>\n\n\n\n<p><\/p>\n","protected":false},"excerpt":{"rendered":"<p>Le centre d\u2019artistes montr\u00e9alais TOPO s\u2019associe avec la F\u00e9d\u00e9ration culturelle canadienne fran\u00e7aise (FCCF) pour lancer une nouvelle \u00e9dition de l\u2019Incubateur de litt\u00e9rature num\u00e9rique (ILINU), en visant cette fois l&rsquo;\u00e9change d&rsquo;expertise \u00e0 travers la francophonie canadienne. \u00c0 travers une s\u00e9rie de rencontres virtuelles hebdomadaires gratuites, les mercredis, de midi \u00e0 14&nbsp;h (heure de l\u2019Est), du 8 &#8230; <a title=\"ILINU, c&rsquo;est quoi?\" class=\"read-more\" href=\"https:\/\/topo.art\/ilinu\/ilinu-cest-quoi\/\" aria-label=\"Read more about ILINU, c&rsquo;est quoi?\">Continuer la lecture<\/a><\/p>\n","protected":false},"author":1,"featured_media":0,"parent":0,"menu_order":0,"comment_status":"closed","ping_status":"closed","template":"","meta":{"_acf_changed":false,"footnotes":""},"class_list":["post-153","page","type-page","status-publish"],"acf":[],"yoast_head":"<!-- This site is optimized with the Yoast SEO plugin v25.8 - https:\/\/yoast.com\/wordpress\/plugins\/seo\/ -->\n<title>ILINU, c&#039;est quoi? - Ilinu<\/title>\n<meta name=\"robots\" content=\"index, follow, max-snippet:-1, max-image-preview:large, max-video-preview:-1\" \/>\n<link rel=\"canonical\" href=\"https:\/\/topo.art\/ilinu\/ilinu-cest-quoi\/\" \/>\n<meta property=\"og:locale\" content=\"fr_CA\" \/>\n<meta property=\"og:type\" content=\"article\" \/>\n<meta property=\"og:title\" content=\"ILINU, c&#039;est quoi? - Ilinu\" \/>\n<meta property=\"og:description\" content=\"Le centre d\u2019artistes montr\u00e9alais TOPO s\u2019associe avec la F\u00e9d\u00e9ration culturelle canadienne fran\u00e7aise (FCCF) pour lancer une nouvelle \u00e9dition de l\u2019Incubateur de litt\u00e9rature num\u00e9rique (ILINU), en visant cette fois l&rsquo;\u00e9change d&rsquo;expertise \u00e0 travers la francophonie canadienne. \u00c0 travers une s\u00e9rie de rencontres virtuelles hebdomadaires gratuites, les mercredis, de midi \u00e0 14&nbsp;h (heure de l\u2019Est), du 8 ... Continuer la lecture\" \/>\n<meta property=\"og:url\" content=\"https:\/\/topo.art\/ilinu\/ilinu-cest-quoi\/\" \/>\n<meta property=\"og:site_name\" content=\"Ilinu\" \/>\n<meta property=\"article:modified_time\" content=\"2025-10-06T15:09:21+00:00\" \/>\n<meta property=\"og:image\" content=\"https:\/\/topo.art\/ilinu\/wp-content\/uploads\/2025\/10\/MichelLefebvre_AlainLefort_1x1.jpg\" \/>\n\t<meta property=\"og:image:width\" content=\"907\" \/>\n\t<meta property=\"og:image:height\" content=\"907\" \/>\n\t<meta property=\"og:image:type\" content=\"image\/jpeg\" \/>\n<meta name=\"twitter:card\" content=\"summary_large_image\" \/>\n<meta name=\"twitter:label1\" content=\"Estimation du temps de lecture\" \/>\n\t<meta name=\"twitter:data1\" content=\"2 minutes\" \/>\n<script type=\"application\/ld+json\" class=\"yoast-schema-graph\">{\"@context\":\"https:\/\/schema.org\",\"@graph\":[{\"@type\":\"WebPage\",\"@id\":\"https:\/\/topo.art\/ilinu\/ilinu-cest-quoi\/\",\"url\":\"https:\/\/topo.art\/ilinu\/ilinu-cest-quoi\/\",\"name\":\"ILINU, c'est quoi? - Ilinu\",\"isPartOf\":{\"@id\":\"https:\/\/topo.art\/ilinu\/#website\"},\"primaryImageOfPage\":{\"@id\":\"https:\/\/topo.art\/ilinu\/ilinu-cest-quoi\/#primaryimage\"},\"image\":{\"@id\":\"https:\/\/topo.art\/ilinu\/ilinu-cest-quoi\/#primaryimage\"},\"thumbnailUrl\":\"https:\/\/topo.art\/ilinu\/wp-content\/uploads\/2025\/10\/MichelLefebvre_AlainLefort_1x1-300x300.jpg\",\"datePublished\":\"2025-09-08T18:43:45+00:00\",\"dateModified\":\"2025-10-06T15:09:21+00:00\",\"breadcrumb\":{\"@id\":\"https:\/\/topo.art\/ilinu\/ilinu-cest-quoi\/#breadcrumb\"},\"inLanguage\":\"fr-CA\",\"potentialAction\":[{\"@type\":\"ReadAction\",\"target\":[\"https:\/\/topo.art\/ilinu\/ilinu-cest-quoi\/\"]}]},{\"@type\":\"ImageObject\",\"inLanguage\":\"fr-CA\",\"@id\":\"https:\/\/topo.art\/ilinu\/ilinu-cest-quoi\/#primaryimage\",\"url\":\"https:\/\/topo.art\/ilinu\/wp-content\/uploads\/2025\/10\/MichelLefebvre_AlainLefort_1x1.jpg\",\"contentUrl\":\"https:\/\/topo.art\/ilinu\/wp-content\/uploads\/2025\/10\/MichelLefebvre_AlainLefort_1x1.jpg\",\"width\":907,\"height\":907,\"caption\":\"Michel Lefebvre\"},{\"@type\":\"BreadcrumbList\",\"@id\":\"https:\/\/topo.art\/ilinu\/ilinu-cest-quoi\/#breadcrumb\",\"itemListElement\":[{\"@type\":\"ListItem\",\"position\":1,\"name\":\"Accueil\",\"item\":\"https:\/\/topo.art\/ilinu\/\"},{\"@type\":\"ListItem\",\"position\":2,\"name\":\"ILINU, c&rsquo;est quoi?\"}]},{\"@type\":\"WebSite\",\"@id\":\"https:\/\/topo.art\/ilinu\/#website\",\"url\":\"https:\/\/topo.art\/ilinu\/\",\"name\":\"Ilinu\",\"description\":\"L&#039;incubateur de litt\u00e9rature num\u00e9riques\",\"publisher\":{\"@id\":\"https:\/\/topo.art\/ilinu\/#organization\"},\"potentialAction\":[{\"@type\":\"SearchAction\",\"target\":{\"@type\":\"EntryPoint\",\"urlTemplate\":\"https:\/\/topo.art\/ilinu\/?s={search_term_string}\"},\"query-input\":{\"@type\":\"PropertyValueSpecification\",\"valueRequired\":true,\"valueName\":\"search_term_string\"}}],\"inLanguage\":\"fr-CA\"},{\"@type\":\"Organization\",\"@id\":\"https:\/\/topo.art\/ilinu\/#organization\",\"name\":\"Ilinu\",\"url\":\"https:\/\/topo.art\/ilinu\/\",\"logo\":{\"@type\":\"ImageObject\",\"inLanguage\":\"fr-CA\",\"@id\":\"https:\/\/topo.art\/ilinu\/#\/schema\/logo\/image\/\",\"url\":\"https:\/\/topo.art\/ilinu\/wp-content\/uploads\/2025\/10\/cropped-ILINU-Banniere-FB.jpg\",\"contentUrl\":\"https:\/\/topo.art\/ilinu\/wp-content\/uploads\/2025\/10\/cropped-ILINU-Banniere-FB.jpg\",\"width\":850,\"height\":315,\"caption\":\"Ilinu\"},\"image\":{\"@id\":\"https:\/\/topo.art\/ilinu\/#\/schema\/logo\/image\/\"}}]}<\/script>\n<!-- \/ Yoast SEO plugin. -->","yoast_head_json":{"title":"ILINU, c'est quoi? - Ilinu","robots":{"index":"index","follow":"follow","max-snippet":"max-snippet:-1","max-image-preview":"max-image-preview:large","max-video-preview":"max-video-preview:-1"},"canonical":"https:\/\/topo.art\/ilinu\/ilinu-cest-quoi\/","og_locale":"fr_CA","og_type":"article","og_title":"ILINU, c'est quoi? - Ilinu","og_description":"Le centre d\u2019artistes montr\u00e9alais TOPO s\u2019associe avec la F\u00e9d\u00e9ration culturelle canadienne fran\u00e7aise (FCCF) pour lancer une nouvelle \u00e9dition de l\u2019Incubateur de litt\u00e9rature num\u00e9rique (ILINU), en visant cette fois l&rsquo;\u00e9change d&rsquo;expertise \u00e0 travers la francophonie canadienne. \u00c0 travers une s\u00e9rie de rencontres virtuelles hebdomadaires gratuites, les mercredis, de midi \u00e0 14&nbsp;h (heure de l\u2019Est), du 8 ... Continuer la lecture","og_url":"https:\/\/topo.art\/ilinu\/ilinu-cest-quoi\/","og_site_name":"Ilinu","article_modified_time":"2025-10-06T15:09:21+00:00","og_image":[{"width":907,"height":907,"url":"https:\/\/topo.art\/ilinu\/wp-content\/uploads\/2025\/10\/MichelLefebvre_AlainLefort_1x1.jpg","type":"image\/jpeg"}],"twitter_card":"summary_large_image","twitter_misc":{"Estimation du temps de lecture":"2 minutes"},"schema":{"@context":"https:\/\/schema.org","@graph":[{"@type":"WebPage","@id":"https:\/\/topo.art\/ilinu\/ilinu-cest-quoi\/","url":"https:\/\/topo.art\/ilinu\/ilinu-cest-quoi\/","name":"ILINU, c'est quoi? - Ilinu","isPartOf":{"@id":"https:\/\/topo.art\/ilinu\/#website"},"primaryImageOfPage":{"@id":"https:\/\/topo.art\/ilinu\/ilinu-cest-quoi\/#primaryimage"},"image":{"@id":"https:\/\/topo.art\/ilinu\/ilinu-cest-quoi\/#primaryimage"},"thumbnailUrl":"https:\/\/topo.art\/ilinu\/wp-content\/uploads\/2025\/10\/MichelLefebvre_AlainLefort_1x1-300x300.jpg","datePublished":"2025-09-08T18:43:45+00:00","dateModified":"2025-10-06T15:09:21+00:00","breadcrumb":{"@id":"https:\/\/topo.art\/ilinu\/ilinu-cest-quoi\/#breadcrumb"},"inLanguage":"fr-CA","potentialAction":[{"@type":"ReadAction","target":["https:\/\/topo.art\/ilinu\/ilinu-cest-quoi\/"]}]},{"@type":"ImageObject","inLanguage":"fr-CA","@id":"https:\/\/topo.art\/ilinu\/ilinu-cest-quoi\/#primaryimage","url":"https:\/\/topo.art\/ilinu\/wp-content\/uploads\/2025\/10\/MichelLefebvre_AlainLefort_1x1.jpg","contentUrl":"https:\/\/topo.art\/ilinu\/wp-content\/uploads\/2025\/10\/MichelLefebvre_AlainLefort_1x1.jpg","width":907,"height":907,"caption":"Michel Lefebvre"},{"@type":"BreadcrumbList","@id":"https:\/\/topo.art\/ilinu\/ilinu-cest-quoi\/#breadcrumb","itemListElement":[{"@type":"ListItem","position":1,"name":"Accueil","item":"https:\/\/topo.art\/ilinu\/"},{"@type":"ListItem","position":2,"name":"ILINU, c&rsquo;est quoi?"}]},{"@type":"WebSite","@id":"https:\/\/topo.art\/ilinu\/#website","url":"https:\/\/topo.art\/ilinu\/","name":"Ilinu","description":"L&#039;incubateur de litt\u00e9rature num\u00e9riques","publisher":{"@id":"https:\/\/topo.art\/ilinu\/#organization"},"potentialAction":[{"@type":"SearchAction","target":{"@type":"EntryPoint","urlTemplate":"https:\/\/topo.art\/ilinu\/?s={search_term_string}"},"query-input":{"@type":"PropertyValueSpecification","valueRequired":true,"valueName":"search_term_string"}}],"inLanguage":"fr-CA"},{"@type":"Organization","@id":"https:\/\/topo.art\/ilinu\/#organization","name":"Ilinu","url":"https:\/\/topo.art\/ilinu\/","logo":{"@type":"ImageObject","inLanguage":"fr-CA","@id":"https:\/\/topo.art\/ilinu\/#\/schema\/logo\/image\/","url":"https:\/\/topo.art\/ilinu\/wp-content\/uploads\/2025\/10\/cropped-ILINU-Banniere-FB.jpg","contentUrl":"https:\/\/topo.art\/ilinu\/wp-content\/uploads\/2025\/10\/cropped-ILINU-Banniere-FB.jpg","width":850,"height":315,"caption":"Ilinu"},"image":{"@id":"https:\/\/topo.art\/ilinu\/#\/schema\/logo\/image\/"}}]}},"_links":{"self":[{"href":"https:\/\/topo.art\/ilinu\/wp-json\/wp\/v2\/pages\/153","targetHints":{"allow":["GET"]}}],"collection":[{"href":"https:\/\/topo.art\/ilinu\/wp-json\/wp\/v2\/pages"}],"about":[{"href":"https:\/\/topo.art\/ilinu\/wp-json\/wp\/v2\/types\/page"}],"author":[{"embeddable":true,"href":"https:\/\/topo.art\/ilinu\/wp-json\/wp\/v2\/users\/1"}],"replies":[{"embeddable":true,"href":"https:\/\/topo.art\/ilinu\/wp-json\/wp\/v2\/comments?post=153"}],"version-history":[{"count":34,"href":"https:\/\/topo.art\/ilinu\/wp-json\/wp\/v2\/pages\/153\/revisions"}],"predecessor-version":[{"id":1033,"href":"https:\/\/topo.art\/ilinu\/wp-json\/wp\/v2\/pages\/153\/revisions\/1033"}],"wp:attachment":[{"href":"https:\/\/topo.art\/ilinu\/wp-json\/wp\/v2\/media?parent=153"}],"curies":[{"name":"wp","href":"https:\/\/api.w.org\/{rel}","templated":true}]}}