{"id":135,"date":"2025-09-08T18:58:52","date_gmt":"2025-09-08T18:58:52","guid":{"rendered":"https:\/\/topo.art\/ilinu\/?page_id=135"},"modified":"2025-09-17T17:56:27","modified_gmt":"2025-09-17T17:56:27","slug":"webinaires","status":"publish","type":"page","link":"https:\/\/topo.art\/ilinu\/programme\/webinaires\/","title":{"rendered":"Webinaires"},"content":{"rendered":"\n<style>\n        \n        <\/style><div class=\"evenements-wrap\"><article class=\"evenement-card\"><aside class=\"evenement-date\"><h2>8 Oct 2025<\/h2><h3>12:00<\/h3><p>Heure de l\u2019Est (Montr\u00e9al)<\/p><\/aside><div class=\"evenement-body\"><h1><a href=\"https:\/\/topo.art\/ilinu\/evenement\/rencontre-avec-les-partenaires\/\">Rencontre avec les partenaires<\/a><\/h1><h2><a href=\"https:\/\/topo.art\/ilinu\/evenement\/rencontre-avec-les-partenaires\/\"><\/a><\/h2><p><span class=\"label\">Dur\u00e9e :<\/span>60 minutes<\/p><p><span class=\"label\">Invit\u00e9.es :<\/span>Jessie Dumais (FCCF), Sawsan Borges Da Moura (Le Labo), Ariane Savoie (Festival Frye), Bertrand Nayet (AAMF), V\u00e9ronique Paradis ([SAT]), S\u00e9bastien Lord-Emard (Ancrages), Nourredine Hani (REFC)<\/p><p style=\"margin-top:2rem;font-size:larger\">Ce premier webinaire de l\u2019ILINU r\u00e9unit des acteur\u00b7rice\u00b7s cl\u00e9s du milieu culturel, provenant de diff\u00e9rentes r\u00e9gions de la francophonie canadienne. Chacun\u00b7e, \u00e0 sa mani\u00e8re, contribue \u00e0 faire rayonner la langue fran\u00e7aise et \u00e0 porter la diversit\u00e9 des voix francophones, dans toute leur richesse et leur pluralit\u00e9. \u00c0 tour de r\u00f4le, nos invit\u00e9s prendront la parole pour vous faire d\u00e9couvrir leurs organismes, leurs initiatives, leurs visions et enjeux.<\/p><\/div><div style=\"display:flex;flex-direction:column;margin:auto 0;\"><a href=\"https:\/\/topo.art\/ilinu\/evenement\/rencontre-avec-les-partenaires\/\" style=\"width:50%;margin:1rem;align-self:flex-end;\"><button style=\"width:100%\"><i class=\"fa-solid fa-arrow-right\"><\/i><\/button><\/a><\/div><\/article><article class=\"evenement-card\"><aside class=\"evenement-date\"><h2>8 Oct 2025<\/h2><h3>13:00<\/h3><p>Heure de l\u2019Est (Montr\u00e9al)<\/p><\/aside><div class=\"evenement-body\"><h1><a href=\"https:\/\/topo.art\/ilinu\/evenement\/avant-propos-dix-cordes-sur-la-litterature-numerique\/\">Avant-propos<\/a><\/h1><h2><a href=\"https:\/\/topo.art\/ilinu\/evenement\/avant-propos-dix-cordes-sur-la-litterature-numerique\/\">Dix cordes sur la litt\u00e9rature num\u00e9rique<\/a><\/h2><p><span class=\"label\">Dur\u00e9e :<\/span>60 minutes<\/p><p><span class=\"label\">Invit\u00e9.es :<\/span>Paul Boss\u00e9, Daniel Canty, Michel Lefebvre (TOPO)<\/p><p style=\"margin-top:2rem;font-size:larger\">Michel Lefebvre et Paul Boss\u00e9 posent dix questions \u00e0 Daniel Canty sur ce qu'est et n'est pas la litt\u00e9rature num\u00e9rique.<\/p><\/div><div style=\"display:flex;flex-direction:column;margin:auto 0;\"><a href=\"https:\/\/topo.art\/ilinu\/evenement\/avant-propos-dix-cordes-sur-la-litterature-numerique\/\" style=\"width:50%;margin:1rem;align-self:flex-end;\"><button style=\"width:100%\"><i class=\"fa-solid fa-arrow-right\"><\/i><\/button><\/a><\/div><\/article><article class=\"evenement-card\"><aside class=\"evenement-date\"><h2>15 Oct 2025<\/h2><h3>12:00<\/h3><p>Heure de l\u2019Est (Montr\u00e9al)<\/p><\/aside><div class=\"evenement-body\"><h1><a href=\"https:\/\/topo.art\/ilinu\/evenement\/ressources-et-references\/\">Ressources et r\u00e9f\u00e9rences<\/a><\/h1><h2><a href=\"https:\/\/topo.art\/ilinu\/evenement\/ressources-et-references\/\"><\/a><\/h2><p><span class=\"label\">Dur\u00e9e :<\/span>120 minutes<\/p><p><span class=\"label\">Invit\u00e9.es :<\/span>Ren\u00e9 Audet (Laboratoire Ex-situ), Alexandra Martin (Laboratoire NT2), Jean Paul Thomin (It\u00e9ratures)<\/p><p style=\"margin-top:2rem;font-size:larger\">Alors que les formes d\u2019\u00e9criture et de cr\u00e9ation litt\u00e9raire \u00e9voluent au rythme des innovations technologiques, plusieurs initiatives de recherche, de documentation et de m\u00e9diation ont vu le jour pour suivre, analyser et rendre accessibles ces transformations. <\/p><\/div><div style=\"display:flex;flex-direction:column;margin:auto 0;\"><a href=\"https:\/\/topo.art\/ilinu\/evenement\/ressources-et-references\/\" style=\"width:50%;margin:1rem;align-self:flex-end;\"><button style=\"width:100%\"><i class=\"fa-solid fa-arrow-right\"><\/i><\/button><\/a><\/div><\/article><article class=\"evenement-card\"><aside class=\"evenement-date\"><h2>22 Oct 2025<\/h2><h3>12:00<\/h3><p>Heure de l\u2019Est (Montr\u00e9al)<\/p><\/aside><div class=\"evenement-body\"><h1><a href=\"https:\/\/topo.art\/ilinu\/evenement\/plateformes-collaboratives\/\">Plateformes collaboratives<\/a><\/h1><h2><a href=\"https:\/\/topo.art\/ilinu\/evenement\/plateformes-collaboratives\/\"><\/a><\/h2><p><span class=\"label\">Dur\u00e9e :<\/span>120 minutes<\/p><p><span class=\"label\">Invit\u00e9.es :<\/span>Sven Buridans (FCCF), David Turgeon, M\u00e9lisandre Schofield<\/p><p style=\"margin-top:2rem;font-size:larger\">\u00c0 travers trois pr\u00e9sentations d\u00e9couvrez des initiatives qui t\u00e9moignent de la richesse des pratiques \u00e9mergentes et des possibilit\u00e9s offertes par le num\u00e9rique pour cr\u00e9er autrement, ensemble.<\/p><\/div><div style=\"display:flex;flex-direction:column;margin:auto 0;\"><a href=\"https:\/\/topo.art\/ilinu\/evenement\/plateformes-collaboratives\/\" style=\"width:50%;margin:1rem;align-self:flex-end;\"><button style=\"width:100%\"><i class=\"fa-solid fa-arrow-right\"><\/i><\/button><\/a><\/div><\/article><article class=\"evenement-card\"><aside class=\"evenement-date\"><h2>29 Oct 2025<\/h2><h3>12:00<\/h3><p>Heure de l\u2019Est (Montr\u00e9al)<\/p><\/aside><div class=\"evenement-body\"><h1><a href=\"https:\/\/topo.art\/ilinu\/evenement\/litterature-en-extension-parcours-numerique-et-itterature-augmentee\/\">Litt\u00e9rature en extension<\/a><\/h1><h2><a href=\"https:\/\/topo.art\/ilinu\/evenement\/litterature-en-extension-parcours-numerique-et-itterature-augmentee\/\">Parcours num\u00e9rique et litt\u00e9rature augment\u00e9e<\/a><\/h2><p><span class=\"label\">Dur\u00e9e :<\/span>120 minutes<\/p><p><span class=\"label\">Invit\u00e9.es :<\/span>Rob Malo, Benoit Duinat, Marie-Jos\u00e9e Martin<\/p><p style=\"margin-top:2rem;font-size:larger\">D\u00e9couvrons aux c\u00f4t\u00e9s de Rob Malon, Benoit Duinat et Marie-Jos\u00e9e Martin des exp\u00e9riences interactives, immersives ou g\u00e9olocalis\u00e9e qui repoussent les fronti\u00e8res de la cr\u00e9ation litt\u00e9raire. <\/p><\/div><div style=\"display:flex;flex-direction:column;margin:auto 0;\"><a href=\"https:\/\/topo.art\/ilinu\/evenement\/litterature-en-extension-parcours-numerique-et-itterature-augmentee\/\" style=\"width:50%;margin:1rem;align-self:flex-end;\"><button style=\"width:100%\"><i class=\"fa-solid fa-arrow-right\"><\/i><\/button><\/a><\/div><\/article><article class=\"evenement-card\"><aside class=\"evenement-date\"><h2>5 Nov 2025<\/h2><h3>12:00<\/h3><p>Heure de l\u2019Est (Montr\u00e9al)<\/p><\/aside><div class=\"evenement-body\"><h1><a href=\"https:\/\/topo.art\/ilinu\/evenement\/telepresence-senariser-dune-ville-a-lautre\/\">T\u00e9l\u00e9pr\u00e9sence <\/a><\/h1><h2><a href=\"https:\/\/topo.art\/ilinu\/evenement\/telepresence-senariser-dune-ville-a-lautre\/\">Sc\u00e9nariser d&#039;une ville \u00e0 l&#039;autre<\/a><\/h2><p><span class=\"label\">Dur\u00e9e :<\/span>120 minutes<\/p><p><span class=\"label\">Invit\u00e9.es :<\/span>Claire Paillon ([SAT])<\/p><p style=\"margin-top:2rem;font-size:larger\">Claire Paillon nous introduira au concept de la t\u00e9l\u00e9pr\u00e9sence artistique, primordiale pour concevoir et diffuser des spectacles et activit\u00e9s en simultan\u00e9 entre plusieurs lieux distants.<\/p><\/div><div style=\"display:flex;flex-direction:column;margin:auto 0;\"><a href=\"https:\/\/topo.art\/ilinu\/evenement\/telepresence-senariser-dune-ville-a-lautre\/\" style=\"width:50%;margin:1rem;align-self:flex-end;\"><button style=\"width:100%\"><i class=\"fa-solid fa-arrow-right\"><\/i><\/button><\/a><\/div><\/article><article class=\"evenement-card\"><aside class=\"evenement-date\"><h2>12 Nov 2025<\/h2><h3>12:00<\/h3><p>Heure de l\u2019Est (Montr\u00e9al)<\/p><\/aside><div class=\"evenement-body\"><h1><a href=\"https:\/\/topo.art\/ilinu\/evenement\/mise-en-scene-de-la-litterature\/\">Mise en sc\u00e8ne de la litt\u00e9rature<\/a><\/h1><h2><a href=\"https:\/\/topo.art\/ilinu\/evenement\/mise-en-scene-de-la-litterature\/\"><\/a><\/h2><p><span class=\"label\">Dur\u00e9e :<\/span>120 minutes<\/p><p><span class=\"label\">Invit\u00e9.es :<\/span>Simon Dumas, Gabriel Robichaud<\/p><p style=\"margin-top:2rem;font-size:larger\">Ce webinaire propose une r\u00e9flexion sur la mani\u00e8re dont l\u2019\u00e9criture , qu\u2019elle soit litt\u00e9raire, performative ou documentaire,  peut se r\u00e9inventer \u00e0 travers une diversit\u00e9 de m\u00e9diums, de pratiques et\/ou de lieux. D\u00e9couvrez les d\u00e9marches et r\u00e9flexions de Simon Dumas et Gabriel Robichaud.<\/p><\/div><div style=\"display:flex;flex-direction:column;margin:auto 0;\"><a href=\"https:\/\/topo.art\/ilinu\/evenement\/mise-en-scene-de-la-litterature\/\" style=\"width:50%;margin:1rem;align-self:flex-end;\"><button style=\"width:100%\"><i class=\"fa-solid fa-arrow-right\"><\/i><\/button><\/a><\/div><\/article><article class=\"evenement-card\"><aside class=\"evenement-date\"><h2>19 Nov 2025<\/h2><h3>12:00<\/h3><p>Heure de l\u2019Est (Montr\u00e9al)<\/p><\/aside><div class=\"evenement-body\"><h1><a href=\"https:\/\/topo.art\/ilinu\/evenement\/intelligence-artificielle-generation-textuelle-et-cinematographique\/\">Intelligence artificielle <\/a><\/h1><h2><a href=\"https:\/\/topo.art\/ilinu\/evenement\/intelligence-artificielle-generation-textuelle-et-cinematographique\/\">G\u00e9n\u00e9ration textuelle et cin\u00e9matographique<\/a><\/h2><p><span class=\"label\">Dur\u00e9e :<\/span>120 minutes<\/p><p><span class=\"label\">Invit\u00e9.es :<\/span>Karoline Georges, Paul Boss\u00e9, Yan St-Onge<\/p><p style=\"margin-top:2rem;font-size:larger\">Ce webinaire se penchera sur l\u2019utilisation de l\u2019intelligence artificielle dans les arts, particuli\u00e8rement sur la g\u00e9n\u00e9ration de texte et l\u2019impact que son utilisation \u00e0 eu au cours des derni\u00e8res d\u00e9cennies sur le monde artistique.<\/p><\/div><div style=\"display:flex;flex-direction:column;margin:auto 0;\"><a href=\"https:\/\/topo.art\/ilinu\/evenement\/intelligence-artificielle-generation-textuelle-et-cinematographique\/\" style=\"width:50%;margin:1rem;align-self:flex-end;\"><button style=\"width:100%\"><i class=\"fa-solid fa-arrow-right\"><\/i><\/button><\/a><\/div><\/article><article class=\"evenement-card\"><aside class=\"evenement-date\"><h2>26 Nov 2025<\/h2><h3>12:00<\/h3><p>Heure de l\u2019Est (Montr\u00e9al)<\/p><\/aside><div class=\"evenement-body\"><h1><a href=\"https:\/\/topo.art\/ilinu\/evenement\/dynamiques-collaboratives\/\">Dynamiques collaboratives<\/a><\/h1><h2><a href=\"https:\/\/topo.art\/ilinu\/evenement\/dynamiques-collaboratives\/\"><\/a><\/h2><p><span class=\"label\">Dur\u00e9e :<\/span>120 minutes<\/p><p><span class=\"label\">Invit\u00e9.es :<\/span>Steve Savage, St\u00e9phanie Lagueux<\/p><p style=\"margin-top:2rem;font-size:larger\">Ce webinaire explorera la diversit\u00e9 de collaborations entre les artistes de toutes les sph\u00e8res cr\u00e9atives et plongera dans les formes surprenantes que celles-ci vont prendre. <\/p><\/div><div style=\"display:flex;flex-direction:column;margin:auto 0;\"><a href=\"https:\/\/topo.art\/ilinu\/evenement\/dynamiques-collaboratives\/\" style=\"width:50%;margin:1rem;align-self:flex-end;\"><button style=\"width:100%\"><i class=\"fa-solid fa-arrow-right\"><\/i><\/button><\/a><\/div><\/article><\/div>\n\n","protected":false},"excerpt":{"rendered":"","protected":false},"author":1,"featured_media":0,"parent":72,"menu_order":0,"comment_status":"closed","ping_status":"closed","template":"","meta":{"_acf_changed":false,"footnotes":""},"class_list":["post-135","page","type-page","status-publish"],"acf":[],"yoast_head":"<!-- This site is optimized with the Yoast SEO plugin v25.8 - https:\/\/yoast.com\/wordpress\/plugins\/seo\/ -->\n<title>Webinaires - Ilinu<\/title>\n<meta name=\"robots\" content=\"index, follow, max-snippet:-1, max-image-preview:large, max-video-preview:-1\" \/>\n<link rel=\"canonical\" href=\"https:\/\/topo.art\/ilinu\/programme\/webinaires\/\" \/>\n<meta property=\"og:locale\" content=\"fr_CA\" \/>\n<meta property=\"og:type\" content=\"article\" \/>\n<meta property=\"og:title\" content=\"Webinaires - Ilinu\" \/>\n<meta property=\"og:url\" content=\"https:\/\/topo.art\/ilinu\/programme\/webinaires\/\" \/>\n<meta property=\"og:site_name\" content=\"Ilinu\" \/>\n<meta property=\"article:modified_time\" content=\"2025-09-17T17:56:27+00:00\" \/>\n<meta name=\"twitter:card\" content=\"summary_large_image\" \/>\n<meta name=\"twitter:label1\" content=\"Estimation du temps de lecture\" \/>\n\t<meta name=\"twitter:data1\" content=\"1 minute\" \/>\n<script type=\"application\/ld+json\" class=\"yoast-schema-graph\">{\"@context\":\"https:\/\/schema.org\",\"@graph\":[{\"@type\":\"WebPage\",\"@id\":\"https:\/\/topo.art\/ilinu\/programme\/webinaires\/\",\"url\":\"https:\/\/topo.art\/ilinu\/programme\/webinaires\/\",\"name\":\"Webinaires - Ilinu\",\"isPartOf\":{\"@id\":\"https:\/\/topo.art\/ilinu\/#website\"},\"datePublished\":\"2025-09-08T18:58:52+00:00\",\"dateModified\":\"2025-09-17T17:56:27+00:00\",\"breadcrumb\":{\"@id\":\"https:\/\/topo.art\/ilinu\/programme\/webinaires\/#breadcrumb\"},\"inLanguage\":\"fr-CA\",\"potentialAction\":[{\"@type\":\"ReadAction\",\"target\":[\"https:\/\/topo.art\/ilinu\/programme\/webinaires\/\"]}]},{\"@type\":\"BreadcrumbList\",\"@id\":\"https:\/\/topo.art\/ilinu\/programme\/webinaires\/#breadcrumb\",\"itemListElement\":[{\"@type\":\"ListItem\",\"position\":1,\"name\":\"Accueil\",\"item\":\"https:\/\/topo.art\/ilinu\/\"},{\"@type\":\"ListItem\",\"position\":2,\"name\":\"Programme\",\"item\":\"https:\/\/topo.art\/ilinu\/programme\/\"},{\"@type\":\"ListItem\",\"position\":3,\"name\":\"Webinaires\"}]},{\"@type\":\"WebSite\",\"@id\":\"https:\/\/topo.art\/ilinu\/#website\",\"url\":\"https:\/\/topo.art\/ilinu\/\",\"name\":\"Ilinu\",\"description\":\"L&#039;incubateur de litt\u00e9rature num\u00e9riques\",\"publisher\":{\"@id\":\"https:\/\/topo.art\/ilinu\/#organization\"},\"potentialAction\":[{\"@type\":\"SearchAction\",\"target\":{\"@type\":\"EntryPoint\",\"urlTemplate\":\"https:\/\/topo.art\/ilinu\/?s={search_term_string}\"},\"query-input\":{\"@type\":\"PropertyValueSpecification\",\"valueRequired\":true,\"valueName\":\"search_term_string\"}}],\"inLanguage\":\"fr-CA\"},{\"@type\":\"Organization\",\"@id\":\"https:\/\/topo.art\/ilinu\/#organization\",\"name\":\"Ilinu\",\"url\":\"https:\/\/topo.art\/ilinu\/\",\"logo\":{\"@type\":\"ImageObject\",\"inLanguage\":\"fr-CA\",\"@id\":\"https:\/\/topo.art\/ilinu\/#\/schema\/logo\/image\/\",\"url\":\"https:\/\/topo.art\/ilinu\/wp-content\/uploads\/2025\/10\/cropped-ILINU-Banniere-FB.jpg\",\"contentUrl\":\"https:\/\/topo.art\/ilinu\/wp-content\/uploads\/2025\/10\/cropped-ILINU-Banniere-FB.jpg\",\"width\":850,\"height\":315,\"caption\":\"Ilinu\"},\"image\":{\"@id\":\"https:\/\/topo.art\/ilinu\/#\/schema\/logo\/image\/\"}}]}<\/script>\n<!-- \/ Yoast SEO plugin. -->","yoast_head_json":{"title":"Webinaires - Ilinu","robots":{"index":"index","follow":"follow","max-snippet":"max-snippet:-1","max-image-preview":"max-image-preview:large","max-video-preview":"max-video-preview:-1"},"canonical":"https:\/\/topo.art\/ilinu\/programme\/webinaires\/","og_locale":"fr_CA","og_type":"article","og_title":"Webinaires - Ilinu","og_url":"https:\/\/topo.art\/ilinu\/programme\/webinaires\/","og_site_name":"Ilinu","article_modified_time":"2025-09-17T17:56:27+00:00","twitter_card":"summary_large_image","twitter_misc":{"Estimation du temps de lecture":"1 minute"},"schema":{"@context":"https:\/\/schema.org","@graph":[{"@type":"WebPage","@id":"https:\/\/topo.art\/ilinu\/programme\/webinaires\/","url":"https:\/\/topo.art\/ilinu\/programme\/webinaires\/","name":"Webinaires - Ilinu","isPartOf":{"@id":"https:\/\/topo.art\/ilinu\/#website"},"datePublished":"2025-09-08T18:58:52+00:00","dateModified":"2025-09-17T17:56:27+00:00","breadcrumb":{"@id":"https:\/\/topo.art\/ilinu\/programme\/webinaires\/#breadcrumb"},"inLanguage":"fr-CA","potentialAction":[{"@type":"ReadAction","target":["https:\/\/topo.art\/ilinu\/programme\/webinaires\/"]}]},{"@type":"BreadcrumbList","@id":"https:\/\/topo.art\/ilinu\/programme\/webinaires\/#breadcrumb","itemListElement":[{"@type":"ListItem","position":1,"name":"Accueil","item":"https:\/\/topo.art\/ilinu\/"},{"@type":"ListItem","position":2,"name":"Programme","item":"https:\/\/topo.art\/ilinu\/programme\/"},{"@type":"ListItem","position":3,"name":"Webinaires"}]},{"@type":"WebSite","@id":"https:\/\/topo.art\/ilinu\/#website","url":"https:\/\/topo.art\/ilinu\/","name":"Ilinu","description":"L&#039;incubateur de litt\u00e9rature num\u00e9riques","publisher":{"@id":"https:\/\/topo.art\/ilinu\/#organization"},"potentialAction":[{"@type":"SearchAction","target":{"@type":"EntryPoint","urlTemplate":"https:\/\/topo.art\/ilinu\/?s={search_term_string}"},"query-input":{"@type":"PropertyValueSpecification","valueRequired":true,"valueName":"search_term_string"}}],"inLanguage":"fr-CA"},{"@type":"Organization","@id":"https:\/\/topo.art\/ilinu\/#organization","name":"Ilinu","url":"https:\/\/topo.art\/ilinu\/","logo":{"@type":"ImageObject","inLanguage":"fr-CA","@id":"https:\/\/topo.art\/ilinu\/#\/schema\/logo\/image\/","url":"https:\/\/topo.art\/ilinu\/wp-content\/uploads\/2025\/10\/cropped-ILINU-Banniere-FB.jpg","contentUrl":"https:\/\/topo.art\/ilinu\/wp-content\/uploads\/2025\/10\/cropped-ILINU-Banniere-FB.jpg","width":850,"height":315,"caption":"Ilinu"},"image":{"@id":"https:\/\/topo.art\/ilinu\/#\/schema\/logo\/image\/"}}]}},"_links":{"self":[{"href":"https:\/\/topo.art\/ilinu\/wp-json\/wp\/v2\/pages\/135","targetHints":{"allow":["GET"]}}],"collection":[{"href":"https:\/\/topo.art\/ilinu\/wp-json\/wp\/v2\/pages"}],"about":[{"href":"https:\/\/topo.art\/ilinu\/wp-json\/wp\/v2\/types\/page"}],"author":[{"embeddable":true,"href":"https:\/\/topo.art\/ilinu\/wp-json\/wp\/v2\/users\/1"}],"replies":[{"embeddable":true,"href":"https:\/\/topo.art\/ilinu\/wp-json\/wp\/v2\/comments?post=135"}],"version-history":[{"count":5,"href":"https:\/\/topo.art\/ilinu\/wp-json\/wp\/v2\/pages\/135\/revisions"}],"predecessor-version":[{"id":375,"href":"https:\/\/topo.art\/ilinu\/wp-json\/wp\/v2\/pages\/135\/revisions\/375"}],"up":[{"embeddable":true,"href":"https:\/\/topo.art\/ilinu\/wp-json\/wp\/v2\/pages\/72"}],"wp:attachment":[{"href":"https:\/\/topo.art\/ilinu\/wp-json\/wp\/v2\/media?parent=135"}],"curies":[{"name":"wp","href":"https:\/\/api.w.org\/{rel}","templated":true}]}}