{"id":429,"date":"2022-12-08T16:12:26","date_gmt":"2022-12-08T21:12:26","guid":{"rendered":"https:\/\/topo.art\/ilinu-ilidi\/?page_id=429"},"modified":"2023-01-19T12:14:35","modified_gmt":"2023-01-19T17:14:35","slug":"actividades-anteriores","status":"publish","type":"page","link":"https:\/\/topo.art\/ilinu-ilidi\/es\/actividades-anteriores\/","title":{"rendered":"Actividades anteriores"},"content":{"rendered":"\n<div class=\"wp-block-group alignfull\"><div class=\"wp-block-group__inner-container is-layout-constrained wp-block-group-is-layout-constrained\">\n<h2 class=\"wp-block-heading\">Encuentros de discusi\u00f3n colectiva<\/h2>\n\n\n\n<p>Estos primeros dos encuentros pretenden hacer una contextualizaci\u00f3n hist\u00f3rica, social y cultural de las pr\u00e1cticas de literatura digital. La primera actividad propone hacer una revisi\u00f3n sobre piezas, artistas y espacios que trabajan con literatura digital en las Am\u00e9ricas. La segunda actividad se enfoca en las pr\u00e1cticas performativas que trabajan con la cuerpa como espacio generador de im\u00e1genes.<\/p>\n\n\n\n<div class=\"wp-block-query alignfull is-layout-flow wp-block-query-is-layout-flow\"><ul class=\"is-flex-container columns-3 alignwide wp-block-post-template is-layout-flow wp-block-post-template-is-layout-flow\"><li class=\"wp-block-post post-435 post type-post status-publish format-standard hentry category-taller tag-discussion-collective-es entry\">\n\n<div class=\"wp-block-group\" style=\"padding-top:30px;padding-right:30px;padding-bottom:30px;padding-left:30px\"><div class=\"wp-block-group__inner-container is-layout-flow wp-block-group-is-layout-flow\"><h4 style=\"text-decoration:none;\" class=\"wp-block-post-title\"><a href=\"https:\/\/topo.art\/ilinu-ilidi\/es\/anthologie-de-la-litterature-numerique-dans-les-ameriques-3\/\" target=\"_self\" >Antolog\u00eda de la literatura digital en las Am\u00e9ricas<\/a><\/h4>\n\n<div style=\"padding-top:0;padding-right:0;padding-bottom:0;padding-left:0;\" class=\"wp-block-post-excerpt\"><p class=\"wp-block-post-excerpt__excerpt\">Viernes 29 de Abril 29 2022 <\/p><\/div><\/div><\/div>\n\n<\/li><li class=\"wp-block-post post-699 post type-post status-publish format-standard hentry category-taller tag-discussion-collective-es entry\">\n\n<div class=\"wp-block-group\" style=\"padding-top:30px;padding-right:30px;padding-bottom:30px;padding-left:30px\"><div class=\"wp-block-group__inner-container is-layout-flow wp-block-group-is-layout-flow\"><h4 style=\"text-decoration:none;\" class=\"wp-block-post-title\"><a href=\"https:\/\/topo.art\/ilinu-ilidi\/es\/performance-y-literatura-digital\/\" target=\"_self\" >Performance y Literatura Digital<\/a><\/h4>\n\n<div style=\"padding-top:0;padding-right:0;padding-bottom:0;padding-left:0;\" class=\"wp-block-post-excerpt\"><p class=\"wp-block-post-excerpt__excerpt\">Viernes 6 y 13 de Mayo, 2022 <\/p><\/div><\/div><\/div>\n\n<\/li><\/ul><\/div>\n\n\n\n<h2 class=\"wp-block-heading\">Encuentros de creaci\u00f3n colectiva audiovisual<\/h2>\n\n\n\n<p>Estos encuentros parten del principio literario de la construcci\u00f3n de im\u00e1genes sonoras, visuales y audiovisuales conectadas con el texto literario. La primera actividad es una propuesta de producci\u00f3n de collages a partir de la digitalizaci\u00f3n y generaci\u00f3n de im\u00e1genes fijas y en movimiento. En paralelo, se propone el trabajo de sonorizaci\u00f3n para las piezas visuales buscando la coherencia conceptual. Ambos talleres dan lugar al concepto de montaje audiovisual, que ser\u00e1 el hilo conductor, explorando pr\u00e1cticas inmersivas digitales, piezas interactivas, instalaci\u00f3n, performance, y tecnolog\u00edas relacionadas con lenguajes computacionales.<\/p>\n\n\n\n<div class=\"wp-block-query alignfull is-layout-flow wp-block-query-is-layout-flow\"><ul class=\"is-flex-container columns-3 alignwide wp-block-post-template is-layout-flow wp-block-post-template-is-layout-flow\"><li class=\"wp-block-post post-709 post type-post status-publish format-standard hentry category-taller tag-audiovisuel entry\">\n\n<div class=\"wp-block-group\" style=\"padding-top:30px;padding-right:30px;padding-bottom:30px;padding-left:30px\"><div class=\"wp-block-group__inner-container is-layout-flow wp-block-group-is-layout-flow\"><h4 style=\"text-decoration:none;\" class=\"wp-block-post-title\"><a href=\"https:\/\/topo.art\/ilinu-ilidi\/es\/visuales\/\" target=\"_self\" >Visuales<\/a><\/h4>\n\n<div style=\"padding-top:0;padding-right:0;padding-bottom:0;padding-left:0;\" class=\"wp-block-post-excerpt\"><p class=\"wp-block-post-excerpt__excerpt\">S\u00e1bado y domingo 14 y 15 de Mayo, 2022 <\/p><\/div><\/div><\/div>\n\n<\/li><li class=\"wp-block-post post-749 post type-post status-publish format-standard hentry category-taller tag-audiovisuel entry\">\n\n<div class=\"wp-block-group\" style=\"padding-top:30px;padding-right:30px;padding-bottom:30px;padding-left:30px\"><div class=\"wp-block-group__inner-container is-layout-flow wp-block-group-is-layout-flow\"><h4 style=\"text-decoration:none;\" class=\"wp-block-post-title\"><a href=\"https:\/\/topo.art\/ilinu-ilidi\/es\/sonido\/\" target=\"_self\" >Sonido<\/a><\/h4>\n\n<div style=\"padding-top:0;padding-right:0;padding-bottom:0;padding-left:0;\" class=\"wp-block-post-excerpt\"><p class=\"wp-block-post-excerpt__excerpt\">Jueves 12 de mayo y viernes 20 de mayo, 2022 <\/p><\/div><\/div><\/div>\n\n<\/li><li class=\"wp-block-post post-758 post type-post status-publish format-standard hentry category-taller tag-audiovisuel entry\">\n\n<div class=\"wp-block-group\" style=\"padding-top:30px;padding-right:30px;padding-bottom:30px;padding-left:30px\"><div class=\"wp-block-group__inner-container is-layout-flow wp-block-group-is-layout-flow\"><h4 style=\"text-decoration:none;\" class=\"wp-block-post-title\"><a href=\"https:\/\/topo.art\/ilinu-ilidi\/es\/audiovisuales\/\" target=\"_self\" >Audiovisuales<\/a><\/h4>\n\n<div style=\"padding-top:0;padding-right:0;padding-bottom:0;padding-left:0;\" class=\"wp-block-post-excerpt\"><p class=\"wp-block-post-excerpt__excerpt\">S\u00e1bado 21 de mayo, 2022 <\/p><\/div><\/div><\/div>\n\n<\/li><li class=\"wp-block-post post-784 post type-post status-publish format-standard hentry category-taller tag-audiovisuel entry\">\n\n<div class=\"wp-block-group\" style=\"padding-top:30px;padding-right:30px;padding-bottom:30px;padding-left:30px\"><div class=\"wp-block-group__inner-container is-layout-flow wp-block-group-is-layout-flow\"><h4 style=\"text-decoration:none;\" class=\"wp-block-post-title\"><a href=\"https:\/\/topo.art\/ilinu-ilidi\/es\/codigo-creativo\/\" target=\"_self\" >C\u00f3digo creativo<\/a><\/h4>\n\n<div style=\"padding-top:0;padding-right:0;padding-bottom:0;padding-left:0;\" class=\"wp-block-post-excerpt\"><p class=\"wp-block-post-excerpt__excerpt\">Domingo 22 de mayo, 2022 <\/p><\/div><\/div><\/div>\n\n<\/li><\/ul><\/div>\n\n\n\n<h2 class=\"wp-block-heading\">Encuentro de creaci\u00f3n colectiva para difusi\u00f3n y publicaci\u00f3n<\/h2>\n\n\n\n<p>Los \u00faltimos encuentros se enfocan en espacios digitales para la publicaci\u00f3n y presentaciones de piezas, instalaciones y performances individuales y colectivos. El primero explora las posibilidades de las redes sociales y aplicaciones moviles para la creaci\u00f3n, publicaci\u00f3n y difusi\u00f3n de las artes literarias digitales. El segundo encuentro ofrece la metodolog\u00eda y los requerimientos t\u00e9cnicos y conceptuales para la creaci\u00f3n de espacios colectivos en plataformas que corren en la web, como lo es hubs.mozilla.<\/p>\n\n\n\n<div class=\"wp-block-query alignfull is-layout-flow wp-block-query-is-layout-flow\"><ul class=\"is-flex-container columns-3 alignwide wp-block-post-template is-layout-flow wp-block-post-template-is-layout-flow\"><li class=\"wp-block-post post-794 post type-post status-publish format-standard hentry category-taller tag-diffusion entry\">\n\n<div class=\"wp-block-group\" style=\"padding-top:30px;padding-right:30px;padding-bottom:30px;padding-left:30px\"><div class=\"wp-block-group__inner-container is-layout-flow wp-block-group-is-layout-flow\"><h4 style=\"text-decoration:none;\" class=\"wp-block-post-title\"><a href=\"https:\/\/topo.art\/ilinu-ilidi\/es\/plataformas-moviles-y-redes-sociales\/\" target=\"_self\" >Plataformas m\u00f3viles y redes sociales<\/a><\/h4>\n\n<div style=\"padding-top:0;padding-right:0;padding-bottom:0;padding-left:0;\" class=\"wp-block-post-excerpt\"><p class=\"wp-block-post-excerpt__excerpt\">Viernes 13 y jueves 19 de mayo, 2022 <\/p><\/div><\/div><\/div>\n\n<\/li><li class=\"wp-block-post post-804 post type-post status-publish format-standard hentry category-taller tag-diffusion entry\">\n\n<div class=\"wp-block-group\" style=\"padding-top:30px;padding-right:30px;padding-bottom:30px;padding-left:30px\"><div class=\"wp-block-group__inner-container is-layout-flow wp-block-group-is-layout-flow\"><h4 style=\"text-decoration:none;\" class=\"wp-block-post-title\"><a href=\"https:\/\/topo.art\/ilinu-ilidi\/es\/plataforma-hubs-mozilla\/\" target=\"_self\" >Plataforma hubs.mozilla<\/a><\/h4>\n\n<div style=\"padding-top:0;padding-right:0;padding-bottom:0;padding-left:0;\" class=\"wp-block-post-excerpt\"><p class=\"wp-block-post-excerpt__excerpt\">S\u00e1bado 28 de mayo, 2022 <\/p><\/div><\/div><\/div>\n\n<\/li><\/ul><\/div>\n<\/div><\/div>\n","protected":false},"excerpt":{"rendered":"<p>Encuentros de discusi\u00f3n colectiva Estos primeros dos encuentros pretenden hacer una contextualizaci\u00f3n hist\u00f3rica, social y cultural de las pr\u00e1cticas de literatura digital. La primera actividad propone hacer una revisi\u00f3n sobre piezas, artistas y espacios que trabajan con literatura digital en las Am\u00e9ricas. La segunda actividad se enfoca en las pr\u00e1cticas performativas que trabajan con la&hellip; <a class=\"more-link\" href=\"https:\/\/topo.art\/ilinu-ilidi\/es\/actividades-anteriores\/\">Continue reading <span class=\"screen-reader-text\">Actividades anteriores<\/span><\/a><\/p>\n","protected":false},"author":1,"featured_media":0,"parent":0,"menu_order":0,"comment_status":"closed","ping_status":"closed","template":"","meta":{"ngg_post_thumbnail":0,"footnotes":""},"class_list":["post-429","page","type-page","status-publish","hentry","entry"],"_links":{"self":[{"href":"https:\/\/topo.art\/ilinu-ilidi\/wp-json\/wp\/v2\/pages\/429","targetHints":{"allow":["GET"]}}],"collection":[{"href":"https:\/\/topo.art\/ilinu-ilidi\/wp-json\/wp\/v2\/pages"}],"about":[{"href":"https:\/\/topo.art\/ilinu-ilidi\/wp-json\/wp\/v2\/types\/page"}],"author":[{"embeddable":true,"href":"https:\/\/topo.art\/ilinu-ilidi\/wp-json\/wp\/v2\/users\/1"}],"replies":[{"embeddable":true,"href":"https:\/\/topo.art\/ilinu-ilidi\/wp-json\/wp\/v2\/comments?post=429"}],"version-history":[{"count":3,"href":"https:\/\/topo.art\/ilinu-ilidi\/wp-json\/wp\/v2\/pages\/429\/revisions"}],"predecessor-version":[{"id":900,"href":"https:\/\/topo.art\/ilinu-ilidi\/wp-json\/wp\/v2\/pages\/429\/revisions\/900"}],"wp:attachment":[{"href":"https:\/\/topo.art\/ilinu-ilidi\/wp-json\/wp\/v2\/media?parent=429"}],"curies":[{"name":"wp","href":"https:\/\/api.w.org\/{rel}","templated":true}]}}