{"id":425,"date":"2022-12-08T16:00:51","date_gmt":"2022-12-08T21:00:51","guid":{"rendered":"https:\/\/topo.art\/ilinu-ilidi\/?page_id=425"},"modified":"2023-03-14T12:26:28","modified_gmt":"2023-03-14T16:26:28","slug":"informaciones","status":"publish","type":"page","link":"https:\/\/topo.art\/ilinu-ilidi\/es\/informaciones\/","title":{"rendered":"Informaciones"},"content":{"rendered":"\n<p>La ILIDI es un programa de formaci\u00f3n y difusi\u00f3n en artes y literatura digitales para una cohorte de 20 artistas quebequenses y mexicanos. El objetivo es desarrollar la pr\u00e1ctica de escritores, artistas y codificadores a trav\u00e9s de un programa de intercambio y aprendizaje en creatividad digital.<\/p>\n\n\n\n<p>Este programa ha nacido de la colaboraci\u00f3n entre el centro de artistas TOPO de Montreal, el colectivo art\u00edstico andamio.in y el Centro de Cultura Digital (CCD) de M\u00e9xico.<\/p>\n\n\n\n<h2 class=\"wp-block-heading\">Andamio<\/h2>\n\n\n\n<p class=\"has-extra-small-font-size\"><a href=\"https:\/\/andamio.in\/\" target=\"_blank\" rel=\"noreferrer noopener\">Andamio<\/a> es una estancia de colaboraci\u00f3n donde se encuentran productores con diferentes formaciones. El sonido es un elemento base que se ramifica en diferentes aplicaciones: corporales, textuales y visuales. La imagen sonora tiene un ritmo que ensambla con la lectura en vivo o grabada, con la imagen manipulada en vivo o pre-producida, con las texturas que se agregan a cada proyecto como el olor, el sabor, el movimiento, etc.<\/p>\n\n\n\n<p class=\"has-extra-small-font-size\">Andamio trabaja dentro de tres l\u00edneas: producci\u00f3n, investigaci\u00f3n y educaci\u00f3n. Todas estas est\u00e1n relacionadas no solo con la uni\u00f3n y desglose del sonido en otras disciplinas, sino tambi\u00e9n a la utilizaci\u00f3n de diferentes tecnolog\u00edas para producir experiencias que se comparten a trav\u00e9s de nuestras memorias compartiendo narrativas que mutan constantemente. La colaboraci\u00f3n es un elemento eje ya que, si bien andamio cuenta con una plataforma de personas que son constantes, andamio tambi\u00e9n busca realizar proyectos con otros productores que pueden aportar perspectivas alternas.<\/p>\n\n\n\n<div class=\"wp-block-query is-layout-flow wp-block-query-is-layout-flow\"><ul class=\"is-flex-container columns-3 wp-block-post-template is-layout-flow wp-block-post-template-is-layout-flow\"><li class=\"wp-block-post post-519 post type-post status-publish format-standard hentry category-persona tag-andamio-es entry\">\n\n<div class=\"wp-block-group alignfull\" style=\"padding-top:30px;padding-right:30px;padding-bottom:30px;padding-left:30px\"><div class=\"wp-block-group__inner-container is-layout-flow wp-block-group-is-layout-flow\"><h6 class=\"alignfull wp-block-post-title\"><a href=\"https:\/\/topo.art\/ilinu-ilidi\/es\/alejandro-brianza-2\/\" target=\"_self\" >Alejandro Brianza<\/a><\/h6><\/div><\/div>\n\n<\/li><li class=\"wp-block-post post-512 post type-post status-publish format-standard hentry category-persona tag-andamio-es tag-formateur-es entry\">\n\n<div class=\"wp-block-group alignfull\" style=\"padding-top:30px;padding-right:30px;padding-bottom:30px;padding-left:30px\"><div class=\"wp-block-group__inner-container is-layout-flow wp-block-group-is-layout-flow\"><h6 class=\"alignfull wp-block-post-title\"><a href=\"https:\/\/topo.art\/ilinu-ilidi\/es\/jessica-a-rodriguez-2\/\" target=\"_self\" >Jessica A. Rodr\u00edguez<\/a><\/h6><\/div><\/div>\n\n<\/li><li class=\"wp-block-post post-675 post type-post status-publish format-standard hentry category-persona tag-andamio-es tag-formateur-es entry\">\n\n<div class=\"wp-block-group alignfull\" style=\"padding-top:30px;padding-right:30px;padding-bottom:30px;padding-left:30px\"><div class=\"wp-block-group__inner-container is-layout-flow wp-block-group-is-layout-flow\"><h6 class=\"alignfull wp-block-post-title\"><a href=\"https:\/\/topo.art\/ilinu-ilidi\/es\/luis-guzman-zirate-2\/\" target=\"_self\" >Luis Guzm\u00e1n-Zirate<\/a><\/h6><\/div><\/div>\n\n<\/li><li class=\"wp-block-post post-530 post type-post status-publish format-standard hentry category-persona tag-andamio-es entry\">\n\n<div class=\"wp-block-group alignfull\" style=\"padding-top:30px;padding-right:30px;padding-bottom:30px;padding-left:30px\"><div class=\"wp-block-group__inner-container is-layout-flow wp-block-group-is-layout-flow\"><h6 class=\"alignfull wp-block-post-title\"><a href=\"https:\/\/topo.art\/ilinu-ilidi\/es\/maria-paula-jaramillo-3\/\" target=\"_self\" >Maria Paula Jaramillo<\/a><\/h6><\/div><\/div>\n\n<\/li><li class=\"wp-block-post post-636 post type-post status-publish format-standard hentry category-persona tag-andamio-es tag-formateur-es entry\">\n\n<div class=\"wp-block-group alignfull\" style=\"padding-top:30px;padding-right:30px;padding-bottom:30px;padding-left:30px\"><div class=\"wp-block-group__inner-container is-layout-flow wp-block-group-is-layout-flow\"><h6 class=\"alignfull wp-block-post-title\"><a href=\"https:\/\/topo.art\/ilinu-ilidi\/es\/rolando-rodriguez-2\/\" target=\"_self\" >Rolando Rodriguez<\/a><\/h6><\/div><\/div>\n\n<\/li><\/ul><\/div>\n\n\n\n<h2 class=\"wp-block-heading\">TOPO &#8211; Centre de cr\u00e9ation num\u00e9rique<\/h2>\n\n\n\n<p class=\"has-extra-small-font-size\"><a href=\"https:\/\/www.topo.art\/\" target=\"_blank\" rel=\"noreferrer noopener\">TOPO<\/a> es un centro dirigido por artistas con sede en Montreal cuya misi\u00f3n es acompa\u00f1ar y equipar a los artistas en su exploraci\u00f3n de las pr\u00e1cticas art\u00edsticas digitales contempor\u00e1neas.<\/p>\n\n\n\n<p class=\"has-extra-small-font-size\">Sus actividades de formaci\u00f3n, creaci\u00f3n, difusi\u00f3n y mediaci\u00f3n contribuyen al desarrollo de su campo de pr\u00e1ctica, en el centro del cruce interdisciplinario e intercultural a trav\u00e9s de las artes digitales. El centro acompa\u00f1a, apoya y lleva a cabo proyectos interactivos, acoge a artistas en residencia, ofrece talleres especializados y participa en la comunidad con iniciativas de mediaci\u00f3n cultural. Su componente de difusi\u00f3n explora modos innovadores de presentaci\u00f3n de obras digitales mediante actividades de exposici\u00f3n, representaci\u00f3n, publicaci\u00f3n y circulaci\u00f3n.<\/p>\n\n\n\n<p class=\"has-extra-small-font-size\">Miembro del grupo Pied Carr\u00e9, el centro ocupa un espacio de producci\u00f3n multifuncional abierto a la comunidad y un espacio de exposici\u00f3n situado en la planta baja de la P\u00f4le de Gasp\u00e9, en el barrio de Mile End de Montreal.<\/p>\n\n\n\n<div class=\"wp-block-query is-layout-flow wp-block-query-is-layout-flow\"><ul class=\"is-flex-container columns-3 alignfull wp-block-post-template is-layout-flow wp-block-post-template-is-layout-flow\"><li class=\"wp-block-post post-776 post type-post status-publish format-standard hentry category-persona tag-topo-es entry\">\n\n<div class=\"wp-block-group alignfull\" style=\"padding-top:30px;padding-right:30px;padding-bottom:30px;padding-left:30px\"><div class=\"wp-block-group__inner-container is-layout-flow wp-block-group-is-layout-flow\"><h6 class=\"alignfull wp-block-post-title\"><a href=\"https:\/\/topo.art\/ilinu-ilidi\/es\/michel-lefebvre-2\/\" target=\"_self\" >Michel Lefebvre<\/a><\/h6><\/div><\/div>\n\n<\/li><li class=\"wp-block-post post-1393 post type-post status-publish format-standard hentry category-persona tag-topo-es entry\">\n\n<div class=\"wp-block-group alignfull\" style=\"padding-top:30px;padding-right:30px;padding-bottom:30px;padding-left:30px\"><div class=\"wp-block-group__inner-container is-layout-flow wp-block-group-is-layout-flow\"><h6 class=\"alignfull wp-block-post-title\"><a href=\"https:\/\/topo.art\/ilinu-ilidi\/es\/roxane-michel-3\/\" target=\"_self\" >Roxane Michel<\/a><\/h6><\/div><\/div>\n\n<\/li><\/ul><\/div>\n\n\n\n<h2 class=\"wp-block-heading\">Centro de Cultura Digital<\/h2>\n\n\n\n<p class=\"has-extra-small-font-size\">El <a href=\"https:\/\/centroculturadigital.mx\/\" target=\"_blank\" rel=\"noreferrer noopener\">Centro de Cultura Digital<\/a> se dedica a la producci\u00f3n, formaci\u00f3n, comunicaci\u00f3n y reflexi\u00f3n de nuevas manifestaciones culturales, sociales y econ\u00f3micas, que surgen a partir del uso cotidiano de la tecnolog\u00eda digital.<\/p>\n\n\n\n<p class=\"has-extra-small-font-size\">Nuestro enfoque se centra en ofrecer alternativas para la apropiaci\u00f3n cr\u00edtica de estas tecnolog\u00edas y su implementaci\u00f3n en los procesos que transforman la vida social.<\/p>\n\n\n\n<p class=\"has-extra-small-font-size\"><strong>-Cuerpo-Colectividad-Naturaleza-Justicia Social-Memoria-Movilidad-<\/strong><\/p>\n\n\n\n<div class=\"wp-block-query is-layout-flow wp-block-query-is-layout-flow\"><ul class=\"is-flex-container columns-3 alignfull wp-block-post-template is-layout-flow wp-block-post-template-is-layout-flow\"><li class=\"wp-block-post post-333 post type-post status-publish format-standard hentry category-persona tag-ccd-es tag-formateur-es entry\">\n\n<div class=\"wp-block-group alignfull\" style=\"padding-top:30px;padding-right:30px;padding-bottom:30px;padding-left:30px\"><div class=\"wp-block-group__inner-container is-layout-flow wp-block-group-is-layout-flow\"><h6 class=\"alignfull wp-block-post-title\"><a href=\"https:\/\/topo.art\/ilinu-ilidi\/es\/ximena-atristain-lopez\/\" target=\"_self\" >Ximena Atristain L\u00f3pez<\/a><\/h6><\/div><\/div>\n\n<\/li><\/ul><\/div>\n","protected":false},"excerpt":{"rendered":"<p>La ILIDI es un programa de formaci\u00f3n y difusi\u00f3n en artes y literatura digitales para una cohorte de 20 artistas quebequenses y mexicanos. El objetivo es desarrollar la pr\u00e1ctica de escritores, artistas y codificadores a trav\u00e9s de un programa de intercambio y aprendizaje en creatividad digital. Este programa ha nacido de la colaboraci\u00f3n entre el&hellip; <a class=\"more-link\" href=\"https:\/\/topo.art\/ilinu-ilidi\/es\/informaciones\/\">Continue reading <span class=\"screen-reader-text\">Informaciones<\/span><\/a><\/p>\n","protected":false},"author":1,"featured_media":0,"parent":0,"menu_order":0,"comment_status":"closed","ping_status":"closed","template":"","meta":{"ngg_post_thumbnail":0,"footnotes":""},"class_list":["post-425","page","type-page","status-publish","hentry","entry"],"_links":{"self":[{"href":"https:\/\/topo.art\/ilinu-ilidi\/wp-json\/wp\/v2\/pages\/425","targetHints":{"allow":["GET"]}}],"collection":[{"href":"https:\/\/topo.art\/ilinu-ilidi\/wp-json\/wp\/v2\/pages"}],"about":[{"href":"https:\/\/topo.art\/ilinu-ilidi\/wp-json\/wp\/v2\/types\/page"}],"author":[{"embeddable":true,"href":"https:\/\/topo.art\/ilinu-ilidi\/wp-json\/wp\/v2\/users\/1"}],"replies":[{"embeddable":true,"href":"https:\/\/topo.art\/ilinu-ilidi\/wp-json\/wp\/v2\/comments?post=425"}],"version-history":[{"count":8,"href":"https:\/\/topo.art\/ilinu-ilidi\/wp-json\/wp\/v2\/pages\/425\/revisions"}],"predecessor-version":[{"id":1400,"href":"https:\/\/topo.art\/ilinu-ilidi\/wp-json\/wp\/v2\/pages\/425\/revisions\/1400"}],"wp:attachment":[{"href":"https:\/\/topo.art\/ilinu-ilidi\/wp-json\/wp\/v2\/media?parent=425"}],"curies":[{"name":"wp","href":"https:\/\/api.w.org\/{rel}","templated":true}]}}