{"id":204,"date":"2022-12-05T17:55:23","date_gmt":"2022-12-05T22:55:23","guid":{"rendered":"https:\/\/topo.art\/ilinu-ilidi\/?page_id=204"},"modified":"2023-01-05T18:46:30","modified_gmt":"2023-01-05T23:46:30","slug":"activites-passees","status":"publish","type":"page","link":"https:\/\/topo.art\/ilinu-ilidi\/activites-passees\/","title":{"rendered":"Activit\u00e9s pass\u00e9es"},"content":{"rendered":"\n<div class=\"wp-block-group alignfull\"><div class=\"wp-block-group__inner-container is-layout-constrained wp-block-group-is-layout-constrained\">\n<h2 class=\"wp-block-heading\">Rencontres de discussion collective<\/h2>\n\n\n\n<p>Ces deux premi\u00e8res rencontres visaient \u00e0 fournir une contextualisation historique, sociale et culturelle des pratiques de la litt\u00e9rature num\u00e9rique. La premi\u00e8re activit\u00e9 propose une revue des \u0153uvres, artistes et espaces qui travaillent avec la litt\u00e9rature num\u00e9rique dans les Am\u00e9riques. La deuxi\u00e8me activit\u00e9 se concentre sur les pratiques performatives qui travaillent avec le corps en tant qu&rsquo;espace g\u00e9n\u00e9rateur d&rsquo;images.<\/p>\n\n\n\n<div class=\"wp-block-query alignfull is-layout-flow wp-block-query-is-layout-flow\"><ul class=\"is-flex-container columns-3 alignwide wp-block-post-template is-layout-flow wp-block-post-template-is-layout-flow\"><li class=\"wp-block-post post-143 post type-post status-publish format-standard hentry category-atelier tag-discussion-collective entry\">\n\n<div class=\"wp-block-group\" style=\"padding-top:30px;padding-right:30px;padding-bottom:30px;padding-left:30px\"><div class=\"wp-block-group__inner-container is-layout-flow wp-block-group-is-layout-flow\"><h4 style=\"text-decoration:none;\" class=\"wp-block-post-title\"><a href=\"https:\/\/topo.art\/ilinu-ilidi\/anthologie-de-la-litterature-numerique-dans-les-ameriques\/\" target=\"_self\" >Anthologie de la litt\u00e9rature num\u00e9rique dans les Am\u00e9riques<\/a><\/h4>\n\n<div style=\"padding-top:0;padding-right:0;padding-bottom:0;padding-left:0;\" class=\"wp-block-post-excerpt\"><p class=\"wp-block-post-excerpt__excerpt\">Vendredi 29 Avril 2022 <\/p><\/div><\/div><\/div>\n\n<\/li><li class=\"wp-block-post post-681 post type-post status-publish format-standard hentry category-atelier tag-discussion-collective entry\">\n\n<div class=\"wp-block-group\" style=\"padding-top:30px;padding-right:30px;padding-bottom:30px;padding-left:30px\"><div class=\"wp-block-group__inner-container is-layout-flow wp-block-group-is-layout-flow\"><h4 style=\"text-decoration:none;\" class=\"wp-block-post-title\"><a href=\"https:\/\/topo.art\/ilinu-ilidi\/performance-et-litterature-numerique\/\" target=\"_self\" >Performance et litt\u00e9rature num\u00e9rique<\/a><\/h4>\n\n<div style=\"padding-top:0;padding-right:0;padding-bottom:0;padding-left:0;\" class=\"wp-block-post-excerpt\"><p class=\"wp-block-post-excerpt__excerpt\">Vendredis 6 et 13 Mai 2022 <\/p><\/div><\/div><\/div>\n\n<\/li><\/ul><\/div>\n\n\n\n<h2 class=\"wp-block-heading\">Rencontres de cr\u00e9ation collective audiovisuelle<\/h2>\n\n\n\n<p>Ces rencontres reposent sur le principe litt\u00e9raire de la construction d&rsquo;images sonores, visuelles et audiovisuelles li\u00e9es au texte litt\u00e9raire. La premi\u00e8re activit\u00e9 est une proposition de production de collages bas\u00e9e sur la num\u00e9risation et la g\u00e9n\u00e9ration d&rsquo;images fixes et mobiles. Parall\u00e8lement, un travail sonore est propos\u00e9 pour les \u0153uvres visuelles, \u00e0 la recherche d&rsquo;une coh\u00e9rence conceptuelle. Les deux ateliers m\u00e8nent au concept de montage audiovisuel, qui \u00e9tait le fil conducteur en explorant les pratiques num\u00e9riques immersives, les \u0153uvres interactives, l&rsquo;installation, la performance et les technologies li\u00e9es aux langages informatiques.<\/p>\n\n\n\n<div class=\"wp-block-query alignfull is-layout-flow wp-block-query-is-layout-flow\"><ul class=\"is-flex-container columns-3 alignwide wp-block-post-template is-layout-flow wp-block-post-template-is-layout-flow\"><li class=\"wp-block-post post-744 post type-post status-publish format-standard hentry category-atelier tag-audiovisuel-fr entry\">\n\n<div class=\"wp-block-group\" style=\"padding-top:30px;padding-right:30px;padding-bottom:30px;padding-left:30px\"><div class=\"wp-block-group__inner-container is-layout-flow wp-block-group-is-layout-flow\"><h4 style=\"text-decoration:none;\" class=\"wp-block-post-title\"><a href=\"https:\/\/topo.art\/ilinu-ilidi\/visuels\/\" target=\"_self\" >Visuels<\/a><\/h4>\n\n<div style=\"padding-top:0;padding-right:0;padding-bottom:0;padding-left:0;\" class=\"wp-block-post-excerpt\"><p class=\"wp-block-post-excerpt__excerpt\">Samedi 14 et dimanche 15 mai 2022 <\/p><\/div><\/div><\/div>\n\n<\/li><li class=\"wp-block-post post-753 post type-post status-publish format-standard hentry category-atelier tag-audiovisuel-fr entry\">\n\n<div class=\"wp-block-group\" style=\"padding-top:30px;padding-right:30px;padding-bottom:30px;padding-left:30px\"><div class=\"wp-block-group__inner-container is-layout-flow wp-block-group-is-layout-flow\"><h4 style=\"text-decoration:none;\" class=\"wp-block-post-title\"><a href=\"https:\/\/topo.art\/ilinu-ilidi\/son\/\" target=\"_self\" >Son<\/a><\/h4>\n\n<div style=\"padding-top:0;padding-right:0;padding-bottom:0;padding-left:0;\" class=\"wp-block-post-excerpt\"><p class=\"wp-block-post-excerpt__excerpt\">Jeudi 12 et vendredi 20 mai 2022 <\/p><\/div><\/div><\/div>\n\n<\/li><li class=\"wp-block-post post-761 post type-post status-publish format-standard hentry category-atelier tag-audiovisuel-fr entry\">\n\n<div class=\"wp-block-group\" style=\"padding-top:30px;padding-right:30px;padding-bottom:30px;padding-left:30px\"><div class=\"wp-block-group__inner-container is-layout-flow wp-block-group-is-layout-flow\"><h4 style=\"text-decoration:none;\" class=\"wp-block-post-title\"><a href=\"https:\/\/topo.art\/ilinu-ilidi\/audio-visuel\/\" target=\"_self\" >Audio-visuel<\/a><\/h4>\n\n<div style=\"padding-top:0;padding-right:0;padding-bottom:0;padding-left:0;\" class=\"wp-block-post-excerpt\"><p class=\"wp-block-post-excerpt__excerpt\">Samedi 21 mai 2022 <\/p><\/div><\/div><\/div>\n\n<\/li><li class=\"wp-block-post post-787 post type-post status-publish format-standard hentry category-atelier tag-audiovisuel-fr entry\">\n\n<div class=\"wp-block-group\" style=\"padding-top:30px;padding-right:30px;padding-bottom:30px;padding-left:30px\"><div class=\"wp-block-group__inner-container is-layout-flow wp-block-group-is-layout-flow\"><h4 style=\"text-decoration:none;\" class=\"wp-block-post-title\"><a href=\"https:\/\/topo.art\/ilinu-ilidi\/code-creatif\/\" target=\"_self\" >Code cr\u00e9atif<\/a><\/h4>\n\n<div style=\"padding-top:0;padding-right:0;padding-bottom:0;padding-left:0;\" class=\"wp-block-post-excerpt\"><p class=\"wp-block-post-excerpt__excerpt\">Dimanche 22 mai 2022 <\/p><\/div><\/div><\/div>\n\n<\/li><\/ul><\/div>\n\n\n\n<h2 class=\"wp-block-heading\">Rencontre de cr\u00e9ation collective pour la diffusion et la publication<\/h2>\n\n\n\n<p>Les derni\u00e8res rencontres portaient sur les espaces num\u00e9riques pour la publication et la pr\u00e9sentation d&rsquo;\u0153uvres individuelles et collectives, d&rsquo;installations et de performances. La premi\u00e8re explore les possibilit\u00e9s offertes par les r\u00e9seaux sociaux et les applications mobiles pour la cr\u00e9ation, la publication et la diffusion des arts litt\u00e9raires num\u00e9riques. La deuxi\u00e8me rencontre pr\u00e9sente la m\u00e9thodologie et les exigences techniques et conceptuelles pour la cr\u00e9ation d&rsquo;espaces collectifs sur des plateformes fonctionnant sur le web, comme hubs.mozilla.<\/p>\n\n\n\n<div class=\"wp-block-query alignfull is-layout-flow wp-block-query-is-layout-flow\"><ul class=\"is-flex-container columns-3 alignwide wp-block-post-template is-layout-flow wp-block-post-template-is-layout-flow\"><li class=\"wp-block-post post-801 post type-post status-publish format-standard hentry category-atelier tag-diffusion-fr entry\">\n\n<div class=\"wp-block-group\" style=\"padding-top:30px;padding-right:30px;padding-bottom:30px;padding-left:30px\"><div class=\"wp-block-group__inner-container is-layout-flow wp-block-group-is-layout-flow\"><h4 style=\"text-decoration:none;\" class=\"wp-block-post-title\"><a href=\"https:\/\/topo.art\/ilinu-ilidi\/plateformes-mobiles-et-reseaux-sociaux\/\" target=\"_self\" >Plateformes mobiles et r\u00e9seaux sociaux<\/a><\/h4>\n\n<div style=\"padding-top:0;padding-right:0;padding-bottom:0;padding-left:0;\" class=\"wp-block-post-excerpt\"><p class=\"wp-block-post-excerpt__excerpt\">Vendredi 13 et jeudi 19 mai 2022 <\/p><\/div><\/div><\/div>\n\n<\/li><li class=\"wp-block-post post-807 post type-post status-publish format-standard hentry category-atelier tag-diffusion-fr entry\">\n\n<div class=\"wp-block-group\" style=\"padding-top:30px;padding-right:30px;padding-bottom:30px;padding-left:30px\"><div class=\"wp-block-group__inner-container is-layout-flow wp-block-group-is-layout-flow\"><h4 style=\"text-decoration:none;\" class=\"wp-block-post-title\"><a href=\"https:\/\/topo.art\/ilinu-ilidi\/plateforme-hubs-mozilla\/\" target=\"_self\" >Plateforme hubs.mozilla<\/a><\/h4>\n\n<div style=\"padding-top:0;padding-right:0;padding-bottom:0;padding-left:0;\" class=\"wp-block-post-excerpt\"><p class=\"wp-block-post-excerpt__excerpt\">Samedi 28 mai, 2022 <\/p><\/div><\/div><\/div>\n\n<\/li><\/ul><\/div>\n<\/div><\/div>\n","protected":false},"excerpt":{"rendered":"<p>Rencontres de discussion collective Ces deux premi\u00e8res rencontres visaient \u00e0 fournir une contextualisation historique, sociale et culturelle des pratiques de la litt\u00e9rature num\u00e9rique. La premi\u00e8re activit\u00e9 propose une revue des \u0153uvres, artistes et espaces qui travaillent avec la litt\u00e9rature num\u00e9rique dans les Am\u00e9riques. La deuxi\u00e8me activit\u00e9 se concentre sur les pratiques performatives qui travaillent avec&hellip; <a class=\"more-link\" href=\"https:\/\/topo.art\/ilinu-ilidi\/activites-passees\/\">Continue reading <span class=\"screen-reader-text\">Activit\u00e9s pass\u00e9es<\/span><\/a><\/p>\n","protected":false},"author":1,"featured_media":0,"parent":0,"menu_order":0,"comment_status":"closed","ping_status":"closed","template":"","meta":{"ngg_post_thumbnail":0,"footnotes":""},"class_list":["post-204","page","type-page","status-publish","hentry","entry"],"_links":{"self":[{"href":"https:\/\/topo.art\/ilinu-ilidi\/wp-json\/wp\/v2\/pages\/204","targetHints":{"allow":["GET"]}}],"collection":[{"href":"https:\/\/topo.art\/ilinu-ilidi\/wp-json\/wp\/v2\/pages"}],"about":[{"href":"https:\/\/topo.art\/ilinu-ilidi\/wp-json\/wp\/v2\/types\/page"}],"author":[{"embeddable":true,"href":"https:\/\/topo.art\/ilinu-ilidi\/wp-json\/wp\/v2\/users\/1"}],"replies":[{"embeddable":true,"href":"https:\/\/topo.art\/ilinu-ilidi\/wp-json\/wp\/v2\/comments?post=204"}],"version-history":[{"count":9,"href":"https:\/\/topo.art\/ilinu-ilidi\/wp-json\/wp\/v2\/pages\/204\/revisions"}],"predecessor-version":[{"id":816,"href":"https:\/\/topo.art\/ilinu-ilidi\/wp-json\/wp\/v2\/pages\/204\/revisions\/816"}],"wp:attachment":[{"href":"https:\/\/topo.art\/ilinu-ilidi\/wp-json\/wp\/v2\/media?parent=204"}],"curies":[{"name":"wp","href":"https:\/\/api.w.org\/{rel}","templated":true}]}}