{"id":160,"date":"2022-12-05T17:14:54","date_gmt":"2022-12-05T22:14:54","guid":{"rendered":"https:\/\/topo.art\/ilinu-ilidi\/?page_id=160"},"modified":"2023-11-13T13:38:27","modified_gmt":"2023-11-13T18:38:27","slug":"a-propos","status":"publish","type":"page","link":"https:\/\/topo.art\/ilinu-ilidi\/a-propos\/","title":{"rendered":"\u00c0 propos"},"content":{"rendered":"\n<p>L&rsquo;ILINU est un programme de formation et de diffusion en arts et litt\u00e9rature num\u00e9rique pour une cohorte de 20 artistes qu\u00e9b\u00e9cois et mexicains. L&rsquo;objectif&nbsp;est de d\u00e9velopper la pratique d\u2019\u00e9crivains, d\u2019artistes et de codeurs \u00e0 travers un programme d\u2019\u00e9change et d\u2019apprentissage en cr\u00e9ativit\u00e9 num\u00e9rique. <\/p>\n\n\n\n<p>Ce programme est n\u00e9 de la collaboration entre le centre d\u2019artistes montr\u00e9alais TOPO, le collectif artistique&nbsp;andamio.in&nbsp;et le&nbsp;Centro de Cultura Digital&nbsp;(CCD) de Mexico.<\/p>\n\n\n\n<h2 class=\"wp-block-heading\">Andamio<\/h2>\n\n\n\n<p class=\"has-extra-small-font-size\"><a href=\"https:\/\/andamio.in\/\" target=\"_blank\" rel=\"noreferrer noopener\">Andamio<\/a> est une plateforme de collaboration o\u00f9 l&rsquo;on peut trouver des producteurs de diff\u00e9rents horizons, g\u00e9n\u00e9rant des projets \u00e0 distance. Le son est l&rsquo;\u00e9l\u00e9ment de base que nous consid\u00e9rons comme une image et un texte en m\u00eame temps. La mati\u00e8re premi\u00e8re d&rsquo;Andamio est la confrontation de ces codes, apparemment contradictoires mais qui partagent leurs r\u00e9cits, tant dans la construction que dans la production.<\/p>\n\n\n\n<p class=\"has-extra-small-font-size\">Andamio travaille selon trois axes : la production, la recherche et l&rsquo;\u00e9ducation. Tous sont li\u00e9es non seulement \u00e0 l&rsquo;union et au d\u00e9veloppement du son dans d&rsquo;autres disciplines, mais aussi \u00e0 l&rsquo;utilisation de diff\u00e9rentes technologies pour produire des exp\u00e9riences. Ces exp\u00e9riences sont partag\u00e9es \u00e0 travers nos souvenirs, formant des r\u00e9cits en constante mutation. La collaboration est un axe de travail important pour Andamio. Nous avons des personnes qui travaillent constamment sur nos projets, mais Andamio cherche \u00e9galement \u00e0 travailler avec d&rsquo;autres producteurs qui peuvent fournir des perspectives alternatives.<\/p>\n\n\n\n<div class=\"wp-block-query is-layout-flow wp-block-query-is-layout-flow\"><ul class=\"is-flex-container columns-3 wp-block-post-template is-layout-flow wp-block-post-template-is-layout-flow\"><li class=\"wp-block-post post-326 post type-post status-publish format-standard hentry category-person tag-andamio entry\">\n\n<div class=\"wp-block-group alignfull\" style=\"padding-top:30px;padding-right:30px;padding-bottom:30px;padding-left:30px\"><div class=\"wp-block-group__inner-container is-layout-flow wp-block-group-is-layout-flow\"><h6 class=\"alignfull wp-block-post-title\"><a href=\"https:\/\/topo.art\/ilinu-ilidi\/alejandro-brianza\/\" target=\"_self\" >Alejandro Brianza<\/a><\/h6><\/div><\/div>\n\n<\/li><li class=\"wp-block-post post-323 post type-post status-publish format-standard hentry category-person tag-andamio tag-formateur entry\">\n\n<div class=\"wp-block-group alignfull\" style=\"padding-top:30px;padding-right:30px;padding-bottom:30px;padding-left:30px\"><div class=\"wp-block-group__inner-container is-layout-flow wp-block-group-is-layout-flow\"><h6 class=\"alignfull wp-block-post-title\"><a href=\"https:\/\/topo.art\/ilinu-ilidi\/jessica-a-rodriguez\/\" target=\"_self\" >Jessica A. Rodr\u00edguez<\/a><\/h6><\/div><\/div>\n\n<\/li><li class=\"wp-block-post post-672 post type-post status-publish format-standard hentry category-person tag-andamio tag-formateur entry\">\n\n<div class=\"wp-block-group alignfull\" style=\"padding-top:30px;padding-right:30px;padding-bottom:30px;padding-left:30px\"><div class=\"wp-block-group__inner-container is-layout-flow wp-block-group-is-layout-flow\"><h6 class=\"alignfull wp-block-post-title\"><a href=\"https:\/\/topo.art\/ilinu-ilidi\/luis-guzman-zirate\/\" target=\"_self\" >Luis Guzm\u00e1n-Zirate<\/a><\/h6><\/div><\/div>\n\n<\/li><li class=\"wp-block-post post-529 post type-post status-publish format-standard hentry category-person tag-andamio entry\">\n\n<div class=\"wp-block-group alignfull\" style=\"padding-top:30px;padding-right:30px;padding-bottom:30px;padding-left:30px\"><div class=\"wp-block-group__inner-container is-layout-flow wp-block-group-is-layout-flow\"><h6 class=\"alignfull wp-block-post-title\"><a href=\"https:\/\/topo.art\/ilinu-ilidi\/maria-paula-jaramillo-2\/\" target=\"_self\" >Maria Paula Jaramillo<\/a><\/h6><\/div><\/div>\n\n<\/li><li class=\"wp-block-post post-638 post type-post status-publish format-standard hentry category-person tag-andamio tag-formateur entry\">\n\n<div class=\"wp-block-group alignfull\" style=\"padding-top:30px;padding-right:30px;padding-bottom:30px;padding-left:30px\"><div class=\"wp-block-group__inner-container is-layout-flow wp-block-group-is-layout-flow\"><h6 class=\"alignfull wp-block-post-title\"><a href=\"https:\/\/topo.art\/ilinu-ilidi\/rolando-rodriguez-3\/\" target=\"_self\" >Rolando Rodriguez<\/a><\/h6><\/div><\/div>\n\n<\/li><\/ul><\/div>\n\n\n\n<h2 class=\"wp-block-heading\">TOPO &#8211; Centre de cr\u00e9ation num\u00e9rique<\/h2>\n\n\n\n<p class=\"has-extra-small-font-size\"><a href=\"http:\/\/topo.art\" data-type=\"URL\" data-id=\"http:\/\/topo.art\" target=\"_blank\" rel=\"noreferrer noopener\">TOPO<\/a>, centre d\u2019artistes montr\u00e9alais, a pour mission d\u2019accompagner et d\u2019outiller les artistes dans leur exploration des pratiques contemporaines en arts num\u00e9riques.<br><br>Ses activit\u00e9s de formation, de cr\u00e9ation, de diffusion et de m\u00e9diation contribuent au d\u00e9veloppement de son champ de pratique, au c\u0153ur des croisements interdisciplinaires et interculturels \u00e0 travers les arts num\u00e9riques. Le centre accompagne, soutient et r\u00e9alise des projets interactifs, accueille des artistes en r\u00e9sidence, offre des ateliers sp\u00e9cialis\u00e9s, et s\u2019engage dans la communaut\u00e9 avec des initiatives de m\u00e9diation culturelle. Son volet de diffusion explore des modes de pr\u00e9sentation novateurs pour les \u0153uvres num\u00e9riques \u00e0 travers des activit\u00e9s d\u2019exposition, de performance, de publication et de circulation.<br><br>Membre du regroupement Pied Carr\u00e9, le centre occupe un espace de production multifonctionnel ouvert \u00e0 la communaut\u00e9 et une vitrine d\u2019exposition situ\u00e9e au rez-de-chauss\u00e9e du P\u00f4le de Gasp\u00e9, dans le quartier Mile-End, \u00e0 Montr\u00e9al.<\/p>\n\n\n\n<div class=\"wp-block-query is-layout-flow wp-block-query-is-layout-flow\"><ul class=\"is-flex-container columns-3 alignfull wp-block-post-template is-layout-flow wp-block-post-template-is-layout-flow\"><li class=\"wp-block-post post-329 post type-post status-publish format-standard hentry category-person tag-topo entry\">\n\n<div class=\"wp-block-group alignfull\" style=\"padding-top:30px;padding-right:30px;padding-bottom:30px;padding-left:30px\"><div class=\"wp-block-group__inner-container is-layout-flow wp-block-group-is-layout-flow\"><h6 class=\"alignfull wp-block-post-title\"><a href=\"https:\/\/topo.art\/ilinu-ilidi\/michel-lefebvre\/\" target=\"_self\" >Michel Lefebvre<\/a><\/h6><\/div><\/div>\n\n<\/li><li class=\"wp-block-post post-1387 post type-post status-publish format-standard hentry category-person tag-topo entry\">\n\n<div class=\"wp-block-group alignfull\" style=\"padding-top:30px;padding-right:30px;padding-bottom:30px;padding-left:30px\"><div class=\"wp-block-group__inner-container is-layout-flow wp-block-group-is-layout-flow\"><h6 class=\"alignfull wp-block-post-title\"><a href=\"https:\/\/topo.art\/ilinu-ilidi\/roxane-michel\/\" target=\"_self\" >Roxane Michel<\/a><\/h6><\/div><\/div>\n\n<\/li><\/ul><\/div>\n\n\n\n<h2 class=\"wp-block-heading\">Centro de Cultura Digital<\/h2>\n\n\n\n<p class=\"has-extra-small-font-size\">Le <a href=\"https:\/\/centroculturadigital.mx\/\" target=\"_blank\" rel=\"noreferrer noopener\">Centro de Cultura Digital<\/a> de Mexico se consacre \u00e0 la production, la formation, la communication et la r\u00e9flexion sur les nouvelles manifestations culturelles, sociales et \u00e9conomiques qui d\u00e9coulent de l&rsquo;utilisation quotidienne de la technologie num\u00e9rique.<\/p>\n\n\n\n<p class=\"has-extra-small-font-size\">Notre objectif est de proposer des alternatives pour l&rsquo;appropriation critique de ces technologies et leur mise en \u0153uvre dans les processus de transformation de la vie sociale.<\/p>\n\n\n\n<p class=\"has-extra-small-font-size\">Corps-Collectivit\u00e9-Nature-Justice sociale-M\u00e9moire-Mobilit\u00e9.<\/p>\n\n\n\n<div class=\"wp-block-query is-layout-flow wp-block-query-is-layout-flow\"><ul class=\"is-flex-container columns-3 alignfull wp-block-post-template is-layout-flow wp-block-post-template-is-layout-flow\"><li class=\"wp-block-post post-630 post type-post status-publish format-standard hentry category-person tag-ccd tag-formateur entry\">\n\n<div class=\"wp-block-group alignfull\" style=\"padding-top:30px;padding-right:30px;padding-bottom:30px;padding-left:30px\"><div class=\"wp-block-group__inner-container is-layout-flow wp-block-group-is-layout-flow\"><h6 class=\"alignfull wp-block-post-title\"><a href=\"https:\/\/topo.art\/ilinu-ilidi\/ximena-atristain-lopez-3\/\" target=\"_self\" >Ximena Atristain L\u00f3pez<\/a><\/h6><\/div><\/div>\n\n<\/li><\/ul><\/div>\n","protected":false},"excerpt":{"rendered":"<p>L&rsquo;ILINU est un programme de formation et de diffusion en arts et litt\u00e9rature num\u00e9rique pour une cohorte de 20 artistes qu\u00e9b\u00e9cois et mexicains. L&rsquo;objectif&nbsp;est de d\u00e9velopper la pratique d\u2019\u00e9crivains, d\u2019artistes et de codeurs \u00e0 travers un programme d\u2019\u00e9change et d\u2019apprentissage en cr\u00e9ativit\u00e9 num\u00e9rique. Ce programme est n\u00e9 de la collaboration entre le centre d\u2019artistes montr\u00e9alais&hellip; <a class=\"more-link\" href=\"https:\/\/topo.art\/ilinu-ilidi\/a-propos\/\">Continue reading <span class=\"screen-reader-text\">\u00c0 propos<\/span><\/a><\/p>\n","protected":false},"author":1,"featured_media":0,"parent":0,"menu_order":0,"comment_status":"closed","ping_status":"closed","template":"","meta":{"ngg_post_thumbnail":0,"footnotes":""},"class_list":["post-160","page","type-page","status-publish","hentry","entry"],"_links":{"self":[{"href":"https:\/\/topo.art\/ilinu-ilidi\/wp-json\/wp\/v2\/pages\/160","targetHints":{"allow":["GET"]}}],"collection":[{"href":"https:\/\/topo.art\/ilinu-ilidi\/wp-json\/wp\/v2\/pages"}],"about":[{"href":"https:\/\/topo.art\/ilinu-ilidi\/wp-json\/wp\/v2\/types\/page"}],"author":[{"embeddable":true,"href":"https:\/\/topo.art\/ilinu-ilidi\/wp-json\/wp\/v2\/users\/1"}],"replies":[{"embeddable":true,"href":"https:\/\/topo.art\/ilinu-ilidi\/wp-json\/wp\/v2\/comments?post=160"}],"version-history":[{"count":14,"href":"https:\/\/topo.art\/ilinu-ilidi\/wp-json\/wp\/v2\/pages\/160\/revisions"}],"predecessor-version":[{"id":1398,"href":"https:\/\/topo.art\/ilinu-ilidi\/wp-json\/wp\/v2\/pages\/160\/revisions\/1398"}],"wp:attachment":[{"href":"https:\/\/topo.art\/ilinu-ilidi\/wp-json\/wp\/v2\/media?parent=160"}],"curies":[{"name":"wp","href":"https:\/\/api.w.org\/{rel}","templated":true}]}}