{"id":988,"date":"2024-04-02T15:42:07","date_gmt":"2024-04-02T19:42:07","guid":{"rendered":"https:\/\/topo.art\/chantier\/?page_id=988"},"modified":"2025-04-25T15:15:12","modified_gmt":"2025-04-25T19:15:12","slug":"espace","status":"publish","type":"page","link":"https:\/\/topo.art\/en\/locations\/espace\/","title":{"rendered":"Space rental"},"content":{"rendered":"<div data-elementor-type=\"wp-page\" data-elementor-id=\"988\" class=\"elementor elementor-988\" data-elementor-post-type=\"page\">\n\t\t\t\t<div class=\"elementor-element elementor-element-302c3913 e-flex e-con-boxed e-con e-parent\" data-id=\"302c3913\" data-element_type=\"container\">\n\t\t\t\t\t<div class=\"e-con-inner\">\n\t\t\t\t<div class=\"elementor-element elementor-element-64a0027 elementor-widget__width-inherit elementor-widget elementor-widget-image\" data-id=\"64a0027\" data-element_type=\"widget\" data-widget_type=\"image.default\">\n\t\t\t\t<div class=\"elementor-widget-container\">\n\t\t\t\t\t\t\t\t\t\t\t\t\t\t\t<img fetchpriority=\"high\" decoding=\"async\" width=\"1920\" height=\"1080\" src=\"https:\/\/i0.wp.com\/topo.art\/chantier\/wp-content\/uploads\/2024\/12\/local_2024_web.jpg?fit=1920%2C1080&amp;ssl=1\" class=\"attachment-full size-full wp-image-7429\" alt=\"\" srcset=\"https:\/\/i0.wp.com\/topo.art\/chantier\/wp-content\/uploads\/2024\/12\/local_2024_web.jpg?w=1920&amp;ssl=1 1920w, https:\/\/i0.wp.com\/topo.art\/chantier\/wp-content\/uploads\/2024\/12\/local_2024_web.jpg?resize=300%2C169&amp;ssl=1 300w, https:\/\/i0.wp.com\/topo.art\/chantier\/wp-content\/uploads\/2024\/12\/local_2024_web.jpg?resize=1024%2C576&amp;ssl=1 1024w, https:\/\/i0.wp.com\/topo.art\/chantier\/wp-content\/uploads\/2024\/12\/local_2024_web.jpg?resize=768%2C432&amp;ssl=1 768w, https:\/\/i0.wp.com\/topo.art\/chantier\/wp-content\/uploads\/2024\/12\/local_2024_web.jpg?resize=1536%2C864&amp;ssl=1 1536w, https:\/\/i0.wp.com\/topo.art\/chantier\/wp-content\/uploads\/2024\/12\/local_2024_web.jpg?resize=18%2C10&amp;ssl=1 18w, https:\/\/i0.wp.com\/topo.art\/chantier\/wp-content\/uploads\/2024\/12\/local_2024_web.jpg?w=1600&amp;ssl=1 1600w\" sizes=\"(max-width: 800px) 100vw, 800px\" \/>\t\t\t\t\t\t\t\t\t\t\t\t\t\t\t<\/div>\n\t\t\t\t<\/div>\n\t\t\t\t<div class=\"elementor-element elementor-element-2f7cdda2 elementor-widget elementor-widget-text-editor\" data-id=\"2f7cdda2\" data-element_type=\"widget\" data-widget_type=\"text-editor.default\">\n\t\t\t\t<div class=\"elementor-widget-container\">\n\t\t\t\t\t\t\t\t\t<p>Looking for a space to rent? Located in the heart of Montreal's Mile End, in a lively and creative neighborhood, TOPO offers its production space for rent for one-off* artistic, professional, and event projects.<\/p>\t\t\t\t\t\t\t\t<\/div>\n\t\t\t\t<\/div>\n\t\t\t\t\t<\/div>\n\t\t\t\t<\/div>\n\t\t<div class=\"elementor-element elementor-element-140b066 e-flex e-con-boxed e-con e-parent\" data-id=\"140b066\" data-element_type=\"container\">\n\t\t\t\t\t<div class=\"e-con-inner\">\n\t\t<div class=\"elementor-element elementor-element-c3452d3 e-grid e-con-boxed e-con e-child\" data-id=\"c3452d3\" data-element_type=\"container\">\n\t\t\t\t\t<div class=\"e-con-inner\">\n\t\t<div class=\"elementor-element elementor-element-010ad58 e-flex e-con-boxed e-con e-child\" data-id=\"010ad58\" data-element_type=\"container\">\n\t\t\t\t\t<div class=\"e-con-inner\">\n\t\t\t\t<div class=\"elementor-element elementor-element-a358295 elementor-widget elementor-widget-heading\" data-id=\"a358295\" data-element_type=\"widget\" data-widget_type=\"heading.default\">\n\t\t\t\t<div class=\"elementor-widget-container\">\n\t\t\t\t\t<h2 class=\"elementor-heading-title elementor-size-default\">Features<\/h2>\t\t\t\t<\/div>\n\t\t\t\t<\/div>\n\t\t\t\t<div class=\"elementor-element elementor-element-59b5e92 elementor-widget elementor-widget-text-editor\" data-id=\"59b5e92\" data-element_type=\"widget\" data-widget_type=\"text-editor.default\">\n\t\t\t\t<div class=\"elementor-widget-container\">\n\t\t\t\t\t\t\t\t\t\n<ul>\n<li>1200 pi\u00b2<\/li>\n<li>Industrial style<\/li>\n<li>Concrete floor<\/li>\n<li>12 ft ceiling<\/li>\n<li>White walls<\/li>\n<li>40 seats capacity<\/li>\n<\/ul>\n\t\t\t\t\t\t\t\t<\/div>\n\t\t\t\t<\/div>\n\t\t\t\t\t<\/div>\n\t\t\t\t<\/div>\n\t\t<div class=\"elementor-element elementor-element-d1f3766 e-flex e-con-boxed e-con e-child\" data-id=\"d1f3766\" data-element_type=\"container\">\n\t\t\t\t\t<div class=\"e-con-inner\">\n\t\t\t\t<div class=\"elementor-element elementor-element-27f26e7 elementor-widget elementor-widget-heading\" data-id=\"27f26e7\" data-element_type=\"widget\" data-widget_type=\"heading.default\">\n\t\t\t\t<div class=\"elementor-widget-container\">\n\t\t\t\t\t<h2 class=\"elementor-heading-title elementor-size-default\">Price &amp; Reservation<\/h2>\t\t\t\t<\/div>\n\t\t\t\t<\/div>\n\t\t\t\t<div class=\"elementor-element elementor-element-3836d49 elementor-widget elementor-widget-text-editor\" data-id=\"3836d49\" data-element_type=\"widget\" data-widget_type=\"text-editor.default\">\n\t\t\t\t<div class=\"elementor-widget-container\">\n\t\t\t\t\t\t\t\t\t<p><strong>\u2192 350 $ \/ day<br \/><\/strong><strong>\u2192 1200 $ \/ week (june to august)<\/strong><\/p><p><strong>Technical support : <\/strong>50 $ \/ hour**<\/p><p>To rent the space, please contact the technical director<br \/>\u2192 <a href=\"mailto:tech@agencetopo.qc.ca\">tech@topo.art<\/a><\/p>\t\t\t\t\t\t\t\t<\/div>\n\t\t\t\t<\/div>\n\t\t\t\t\t<\/div>\n\t\t\t\t<\/div>\n\t\t<div class=\"elementor-element elementor-element-a4739bf e-flex e-con-boxed e-con e-child\" data-id=\"a4739bf\" data-element_type=\"container\">\n\t\t\t\t\t<div class=\"e-con-inner\">\n\t\t\t\t<div class=\"elementor-element elementor-element-4582d1c elementor-widget elementor-widget-heading\" data-id=\"4582d1c\" data-element_type=\"widget\" data-widget_type=\"heading.default\">\n\t\t\t\t<div class=\"elementor-widget-container\">\n\t\t\t\t\t<h2 class=\"elementor-heading-title elementor-size-default\">Amenities<\/h2>\t\t\t\t<\/div>\n\t\t\t\t<\/div>\n\t\t\t\t<div class=\"elementor-element elementor-element-a325159 elementor-widget elementor-widget-text-editor\" data-id=\"a325159\" data-element_type=\"widget\" data-widget_type=\"text-editor.default\">\n\t\t\t\t<div class=\"elementor-widget-container\">\n\t\t\t\t\t\t\t\t\t<ul><li>Kitchenette (mini-oven, fridge, coffee machine, sink).<\/li><li>High speed WiFi<\/li><li>Tables, chairs, lighting<\/li><\/ul>\t\t\t\t\t\t\t\t<\/div>\n\t\t\t\t<\/div>\n\t\t\t\t\t<\/div>\n\t\t\t\t<\/div>\n\t\t<div class=\"elementor-element elementor-element-43f1566 e-flex e-con-boxed e-con e-child\" data-id=\"43f1566\" data-element_type=\"container\">\n\t\t\t\t\t<div class=\"e-con-inner\">\n\t\t\t\t<div class=\"elementor-element elementor-element-1870523 elementor-widget elementor-widget-heading\" data-id=\"1870523\" data-element_type=\"widget\" data-widget_type=\"heading.default\">\n\t\t\t\t<div class=\"elementor-widget-container\">\n\t\t\t\t\t<h2 class=\"elementor-heading-title elementor-size-default\">Alcohol Consumption<\/h2>\t\t\t\t<\/div>\n\t\t\t\t<\/div>\n\t\t\t\t<div class=\"elementor-element elementor-element-f7bff2f elementor-widget elementor-widget-text-editor\" data-id=\"f7bff2f\" data-element_type=\"widget\" data-widget_type=\"text-editor.default\">\n\t\t\t\t<div class=\"elementor-widget-container\">\n\t\t\t\t\t\t\t\t\t<p>For all events open to the public (excluding private meetings), a liquor license is required. In this case, we must order the permit at least three weeks before the start of the rental period. Fees will be added to the quote.<\/p>\t\t\t\t\t\t\t\t<\/div>\n\t\t\t\t<\/div>\n\t\t\t\t\t<\/div>\n\t\t\t\t<\/div>\n\t\t\t\t\t<\/div>\n\t\t\t\t<\/div>\n\t\t\t\t<div class=\"elementor-element elementor-element-d1bf37e elementor-widget elementor-widget-text-editor\" data-id=\"d1bf37e\" data-element_type=\"widget\" data-widget_type=\"text-editor.default\">\n\t\t\t\t<div class=\"elementor-widget-container\">\n\t\t\t\t\t\t\t\t\t<p>* Availability varies according to the organization's activities.<br \/>** Assistance with setup and\/or operation of equipment. If the customer is unfamiliar with the equipment, a technical assistance fee will be added to the package.<\/p>\t\t\t\t\t\t\t\t<\/div>\n\t\t\t\t<\/div>\n\t\t\t\t\t<\/div>\n\t\t\t\t<\/div>\n\t\t<div class=\"elementor-element elementor-element-eb335f1 e-flex e-con-boxed e-con e-parent\" data-id=\"eb335f1\" data-element_type=\"container\">\n\t\t\t\t\t<div class=\"e-con-inner\">\n\t\t\t\t<div class=\"elementor-element elementor-element-f049a7a elementor-widget elementor-widget-heading\" data-id=\"f049a7a\" data-element_type=\"widget\" data-widget_type=\"heading.default\">\n\t\t\t\t<div class=\"elementor-widget-container\">\n\t\t\t\t\t<h2 class=\"elementor-heading-title elementor-size-default\">Need equipment ?<\/h2>\t\t\t\t<\/div>\n\t\t\t\t<\/div>\n\t\t\t\t<div class=\"elementor-element elementor-element-79a92a5 elementor-widget elementor-widget-text-editor\" data-id=\"79a92a5\" data-element_type=\"widget\" data-widget_type=\"text-editor.default\">\n\t\t\t\t<div class=\"elementor-widget-container\">\n\t\t\t\t\t\t\t\t\t<p>Different types of equipment may be useful to you, <a href=\"https:\/\/topo.art\/en\/locations\/equipement\/\">see the list here<\/a>.<\/p>\n<p>Equipment rental is reserved for our members. <br \/>\u2192 <a href=\"https:\/\/topo.art\/en\/a-propos\/membrariat\/\" target=\"_blank\" rel=\"noopener\">Become a member for $25 a year.<\/a><\/p>\t\t\t\t\t\t\t\t<\/div>\n\t\t\t\t<\/div>\n\t\t\t\t\t<\/div>\n\t\t\t\t<\/div>\n\t\t\t\t<\/div>","protected":false},"excerpt":{"rendered":"<p>Vous cherchez une salle \u00e0 louer ? Situ\u00e9 en plein coeur du Mile-End \u00e0 Montr\u00e9al, dans un quartier vivant et cr\u00e9atif, TOPO offre son espace de production \u00e0 la location pour des projets ponctuels*, artistiques, professionnels et \u00e9v\u00e9nementiels. Caract\u00e9ristiques 1200 pi\u00b2 Style industriel Plancher de b\u00e9ton Plafond de 12 pieds Murs blancs Capacit\u00e9 de 40 [&hellip;]<\/p>","protected":false},"author":1,"featured_media":7429,"parent":313,"menu_order":0,"comment_status":"closed","ping_status":"closed","template":"","meta":{"_acf_changed":false,"footnotes":""},"class_list":["post-988","page","type-page","status-publish","has-post-thumbnail","hentry"],"acf":[],"yoast_head":"<!-- This site is optimized with the Yoast SEO plugin v25.3.1 - https:\/\/yoast.com\/wordpress\/plugins\/seo\/ -->\n<title>Location d&#039;espace &#8226; TOPO - Centre de cr\u00e9ation num\u00e9rique<\/title>\n<meta name=\"description\" content=\"Vous souhaitez louer une salle ? En plein coeur de Montr\u00e9al, TOPO offre son espace de production \u00e0 la location pour des \u00e9v\u00e9nements ponctuels.\" \/>\n<meta name=\"robots\" content=\"index, follow, max-snippet:-1, max-image-preview:large, max-video-preview:-1\" \/>\n<link rel=\"canonical\" href=\"https:\/\/topo.art\/en\/locations\/espace\/\" \/>\n<meta property=\"og:locale\" content=\"en_US\" \/>\n<meta property=\"og:type\" content=\"article\" \/>\n<meta property=\"og:title\" content=\"Location d&#039;espace &#8226; TOPO - Centre de cr\u00e9ation num\u00e9rique\" \/>\n<meta property=\"og:description\" content=\"Vous souhaitez louer une salle ? En plein coeur de Montr\u00e9al, TOPO offre son espace de production \u00e0 la location pour des \u00e9v\u00e9nements ponctuels.\" \/>\n<meta property=\"og:url\" content=\"https:\/\/topo.art\/en\/locations\/espace\/\" \/>\n<meta property=\"og:site_name\" content=\"TOPO - Centre de cr\u00e9ation num\u00e9rique\" \/>\n<meta property=\"article:publisher\" content=\"https:\/\/www.facebook.com\/topomtl\" \/>\n<meta property=\"article:modified_time\" content=\"2025-04-25T19:15:12+00:00\" \/>\n<meta property=\"og:image\" content=\"https:\/\/topo.art\/chantier\/wp-content\/uploads\/2024\/12\/local_2024_web.jpg\" \/>\n\t<meta property=\"og:image:width\" content=\"1920\" \/>\n\t<meta property=\"og:image:height\" content=\"1080\" \/>\n\t<meta property=\"og:image:type\" content=\"image\/jpeg\" \/>\n<meta name=\"twitter:card\" content=\"summary_large_image\" \/>\n<meta name=\"twitter:label1\" content=\"Est. reading time\" \/>\n\t<meta name=\"twitter:data1\" content=\"2 minutes\" \/>\n<script type=\"application\/ld+json\" class=\"yoast-schema-graph\">{\"@context\":\"https:\/\/schema.org\",\"@graph\":[{\"@type\":\"WebPage\",\"@id\":\"https:\/\/topo.art\/locations\/espace\/\",\"url\":\"https:\/\/topo.art\/locations\/espace\/\",\"name\":\"Location d'espace &#8226; TOPO - Centre de cr\u00e9ation num\u00e9rique\",\"isPartOf\":{\"@id\":\"https:\/\/topo.art\/#website\"},\"primaryImageOfPage\":{\"@id\":\"https:\/\/topo.art\/locations\/espace\/#primaryimage\"},\"image\":{\"@id\":\"https:\/\/topo.art\/locations\/espace\/#primaryimage\"},\"thumbnailUrl\":\"https:\/\/i0.wp.com\/topo.art\/chantier\/wp-content\/uploads\/2024\/12\/local_2024_web.jpg?fit=1920%2C1080&ssl=1\",\"datePublished\":\"2024-04-02T19:42:07+00:00\",\"dateModified\":\"2025-04-25T19:15:12+00:00\",\"description\":\"Vous souhaitez louer une salle ? En plein coeur de Montr\u00e9al, TOPO offre son espace de production \u00e0 la location pour des \u00e9v\u00e9nements ponctuels.\",\"breadcrumb\":{\"@id\":\"https:\/\/topo.art\/locations\/espace\/#breadcrumb\"},\"inLanguage\":\"en-CA\",\"potentialAction\":[{\"@type\":\"ReadAction\",\"target\":[\"https:\/\/topo.art\/locations\/espace\/\"]}]},{\"@type\":\"ImageObject\",\"inLanguage\":\"en-CA\",\"@id\":\"https:\/\/topo.art\/locations\/espace\/#primaryimage\",\"url\":\"https:\/\/i0.wp.com\/topo.art\/chantier\/wp-content\/uploads\/2024\/12\/local_2024_web.jpg?fit=1920%2C1080&ssl=1\",\"contentUrl\":\"https:\/\/i0.wp.com\/topo.art\/chantier\/wp-content\/uploads\/2024\/12\/local_2024_web.jpg?fit=1920%2C1080&ssl=1\",\"width\":1920,\"height\":1080},{\"@type\":\"BreadcrumbList\",\"@id\":\"https:\/\/topo.art\/locations\/espace\/#breadcrumb\",\"itemListElement\":[{\"@type\":\"ListItem\",\"position\":1,\"name\":\"Accueil\",\"item\":\"https:\/\/topo.art\/\"},{\"@type\":\"ListItem\",\"position\":2,\"name\":\"Locations\",\"item\":\"https:\/\/topo.art\/locations\/\"},{\"@type\":\"ListItem\",\"position\":3,\"name\":\"Location d&rsquo;espace\"}]},{\"@type\":\"WebSite\",\"@id\":\"https:\/\/topo.art\/#website\",\"url\":\"https:\/\/topo.art\/\",\"name\":\"TOPO - Centre de cr\u00e9ation num\u00e9rique\",\"description\":\"Centre d&#039;artistes montr\u00e9alais en art num\u00e9rique.\",\"publisher\":{\"@id\":\"https:\/\/topo.art\/#organization\"},\"alternateName\":\"TOPO\",\"potentialAction\":[{\"@type\":\"SearchAction\",\"target\":{\"@type\":\"EntryPoint\",\"urlTemplate\":\"https:\/\/topo.art\/?s={search_term_string}\"},\"query-input\":{\"@type\":\"PropertyValueSpecification\",\"valueRequired\":true,\"valueName\":\"search_term_string\"}}],\"inLanguage\":\"en-CA\"},{\"@type\":\"Organization\",\"@id\":\"https:\/\/topo.art\/#organization\",\"name\":\"TOPO - Centre de cr\u00e9ation num\u00e9rique\",\"alternateName\":\"TOPO\",\"url\":\"https:\/\/topo.art\/\",\"logo\":{\"@type\":\"ImageObject\",\"inLanguage\":\"en-CA\",\"@id\":\"https:\/\/topo.art\/#\/schema\/logo\/image\/\",\"url\":\"https:\/\/topo.art\/chantier\/wp-content\/uploads\/2024\/01\/logo_topo2024.svg\",\"contentUrl\":\"https:\/\/topo.art\/chantier\/wp-content\/uploads\/2024\/01\/logo_topo2024.svg\",\"width\":887,\"height\":250,\"caption\":\"TOPO - Centre de cr\u00e9ation num\u00e9rique\"},\"image\":{\"@id\":\"https:\/\/topo.art\/#\/schema\/logo\/image\/\"},\"sameAs\":[\"https:\/\/www.facebook.com\/topomtl\",\"https:\/\/www.instagram.com\/topo_mtl\/\",\"https:\/\/bsky.app\/profile\/topo-mtl.bsky.social\"]}]}<\/script>\n<!-- \/ Yoast SEO plugin. -->","yoast_head_json":{"title":"Location d'espace &#8226; TOPO - Centre de cr\u00e9ation num\u00e9rique","description":"Vous souhaitez louer une salle ? En plein coeur de Montr\u00e9al, TOPO offre son espace de production \u00e0 la location pour des \u00e9v\u00e9nements ponctuels.","robots":{"index":"index","follow":"follow","max-snippet":"max-snippet:-1","max-image-preview":"max-image-preview:large","max-video-preview":"max-video-preview:-1"},"canonical":"https:\/\/topo.art\/en\/locations\/espace\/","og_locale":"en_US","og_type":"article","og_title":"Location d'espace &#8226; TOPO - Centre de cr\u00e9ation num\u00e9rique","og_description":"Vous souhaitez louer une salle ? En plein coeur de Montr\u00e9al, TOPO offre son espace de production \u00e0 la location pour des \u00e9v\u00e9nements ponctuels.","og_url":"https:\/\/topo.art\/en\/locations\/espace\/","og_site_name":"TOPO - Centre de cr\u00e9ation num\u00e9rique","article_publisher":"https:\/\/www.facebook.com\/topomtl","article_modified_time":"2025-04-25T19:15:12+00:00","og_image":[{"width":1920,"height":1080,"url":"https:\/\/topo.art\/chantier\/wp-content\/uploads\/2024\/12\/local_2024_web.jpg","type":"image\/jpeg"}],"twitter_card":"summary_large_image","twitter_misc":{"Est. reading time":"2 minutes"},"schema":{"@context":"https:\/\/schema.org","@graph":[{"@type":"WebPage","@id":"https:\/\/topo.art\/locations\/espace\/","url":"https:\/\/topo.art\/locations\/espace\/","name":"Location d'espace &#8226; TOPO - Centre de cr\u00e9ation num\u00e9rique","isPartOf":{"@id":"https:\/\/topo.art\/#website"},"primaryImageOfPage":{"@id":"https:\/\/topo.art\/locations\/espace\/#primaryimage"},"image":{"@id":"https:\/\/topo.art\/locations\/espace\/#primaryimage"},"thumbnailUrl":"https:\/\/i0.wp.com\/topo.art\/chantier\/wp-content\/uploads\/2024\/12\/local_2024_web.jpg?fit=1920%2C1080&ssl=1","datePublished":"2024-04-02T19:42:07+00:00","dateModified":"2025-04-25T19:15:12+00:00","description":"Vous souhaitez louer une salle ? En plein coeur de Montr\u00e9al, TOPO offre son espace de production \u00e0 la location pour des \u00e9v\u00e9nements ponctuels.","breadcrumb":{"@id":"https:\/\/topo.art\/locations\/espace\/#breadcrumb"},"inLanguage":"en-CA","potentialAction":[{"@type":"ReadAction","target":["https:\/\/topo.art\/locations\/espace\/"]}]},{"@type":"ImageObject","inLanguage":"en-CA","@id":"https:\/\/topo.art\/locations\/espace\/#primaryimage","url":"https:\/\/i0.wp.com\/topo.art\/chantier\/wp-content\/uploads\/2024\/12\/local_2024_web.jpg?fit=1920%2C1080&ssl=1","contentUrl":"https:\/\/i0.wp.com\/topo.art\/chantier\/wp-content\/uploads\/2024\/12\/local_2024_web.jpg?fit=1920%2C1080&ssl=1","width":1920,"height":1080},{"@type":"BreadcrumbList","@id":"https:\/\/topo.art\/locations\/espace\/#breadcrumb","itemListElement":[{"@type":"ListItem","position":1,"name":"Accueil","item":"https:\/\/topo.art\/"},{"@type":"ListItem","position":2,"name":"Locations","item":"https:\/\/topo.art\/locations\/"},{"@type":"ListItem","position":3,"name":"Location d&rsquo;espace"}]},{"@type":"WebSite","@id":"https:\/\/topo.art\/#website","url":"https:\/\/topo.art\/","name":"TOPO - Centre de cr\u00e9ation num\u00e9rique","description":"Centre d&#039;artistes montr\u00e9alais en art num\u00e9rique.","publisher":{"@id":"https:\/\/topo.art\/#organization"},"alternateName":"TOPO","potentialAction":[{"@type":"SearchAction","target":{"@type":"EntryPoint","urlTemplate":"https:\/\/topo.art\/?s={search_term_string}"},"query-input":{"@type":"PropertyValueSpecification","valueRequired":true,"valueName":"search_term_string"}}],"inLanguage":"en-CA"},{"@type":"Organization","@id":"https:\/\/topo.art\/#organization","name":"TOPO - Centre de cr\u00e9ation num\u00e9rique","alternateName":"TOPO","url":"https:\/\/topo.art\/","logo":{"@type":"ImageObject","inLanguage":"en-CA","@id":"https:\/\/topo.art\/#\/schema\/logo\/image\/","url":"https:\/\/topo.art\/chantier\/wp-content\/uploads\/2024\/01\/logo_topo2024.svg","contentUrl":"https:\/\/topo.art\/chantier\/wp-content\/uploads\/2024\/01\/logo_topo2024.svg","width":887,"height":250,"caption":"TOPO - Centre de cr\u00e9ation num\u00e9rique"},"image":{"@id":"https:\/\/topo.art\/#\/schema\/logo\/image\/"},"sameAs":["https:\/\/www.facebook.com\/topomtl","https:\/\/www.instagram.com\/topo_mtl\/","https:\/\/bsky.app\/profile\/topo-mtl.bsky.social"]}]}},"_links":{"self":[{"href":"https:\/\/topo.art\/en\/wp-json\/wp\/v2\/pages\/988","targetHints":{"allow":["GET"]}}],"collection":[{"href":"https:\/\/topo.art\/en\/wp-json\/wp\/v2\/pages"}],"about":[{"href":"https:\/\/topo.art\/en\/wp-json\/wp\/v2\/types\/page"}],"author":[{"embeddable":true,"href":"https:\/\/topo.art\/en\/wp-json\/wp\/v2\/users\/1"}],"replies":[{"embeddable":true,"href":"https:\/\/topo.art\/en\/wp-json\/wp\/v2\/comments?post=988"}],"version-history":[{"count":107,"href":"https:\/\/topo.art\/en\/wp-json\/wp\/v2\/pages\/988\/revisions"}],"predecessor-version":[{"id":7974,"href":"https:\/\/topo.art\/en\/wp-json\/wp\/v2\/pages\/988\/revisions\/7974"}],"up":[{"embeddable":true,"href":"https:\/\/topo.art\/en\/wp-json\/wp\/v2\/pages\/313"}],"wp:featuredmedia":[{"embeddable":true,"href":"https:\/\/topo.art\/en\/wp-json\/wp\/v2\/media\/7429"}],"wp:attachment":[{"href":"https:\/\/topo.art\/en\/wp-json\/wp\/v2\/media?parent=988"}],"curies":[{"name":"wp","href":"https:\/\/api.w.org\/{rel}","templated":true}]}}