{"id":313,"date":"2024-02-15T15:11:02","date_gmt":"2024-02-15T19:11:02","guid":{"rendered":"https:\/\/topo.art\/chantier\/?page_id=313"},"modified":"2025-02-05T16:09:39","modified_gmt":"2025-02-05T20:09:39","slug":"locations","status":"publish","type":"page","link":"https:\/\/topo.art\/en\/locations\/","title":{"rendered":"Rentals"},"content":{"rendered":"<div data-elementor-type=\"wp-page\" data-elementor-id=\"313\" class=\"elementor elementor-313\" data-elementor-post-type=\"page\">\n\t\t\t\t<div class=\"elementor-element elementor-element-21abef5 liens-sans e-flex e-con-boxed e-con e-parent\" data-id=\"21abef5\" data-element_type=\"container\">\n\t\t\t\t\t<div class=\"e-con-inner\">\n\t\t<a class=\"elementor-element elementor-element-92ac4cd e-con-full e-flex e-con e-child\" data-id=\"92ac4cd\" data-element_type=\"container\" href=\"https:\/\/topo.art\/en\/locations\/espace\/\">\n\t\t\t\t<div class=\"elementor-element elementor-element-7e887b3 elementor-widget elementor-widget-image\" data-id=\"7e887b3\" data-element_type=\"widget\" data-widget_type=\"image.default\">\n\t\t\t\t<div class=\"elementor-widget-container\">\n\t\t\t\t\t\t\t\t\t\t\t\t\t\t\t<img fetchpriority=\"high\" decoding=\"async\" width=\"800\" height=\"450\" src=\"https:\/\/i0.wp.com\/topo.art\/chantier\/wp-content\/uploads\/2024\/12\/local_2024_nb_web_4.jpg?fit=800%2C450&amp;ssl=1\" class=\"attachment-large size-large wp-image-7444\" alt=\"\" srcset=\"https:\/\/i0.wp.com\/topo.art\/chantier\/wp-content\/uploads\/2024\/12\/local_2024_nb_web_4.jpg?w=1920&amp;ssl=1 1920w, https:\/\/i0.wp.com\/topo.art\/chantier\/wp-content\/uploads\/2024\/12\/local_2024_nb_web_4.jpg?resize=300%2C169&amp;ssl=1 300w, https:\/\/i0.wp.com\/topo.art\/chantier\/wp-content\/uploads\/2024\/12\/local_2024_nb_web_4.jpg?resize=1024%2C576&amp;ssl=1 1024w, https:\/\/i0.wp.com\/topo.art\/chantier\/wp-content\/uploads\/2024\/12\/local_2024_nb_web_4.jpg?resize=768%2C432&amp;ssl=1 768w, https:\/\/i0.wp.com\/topo.art\/chantier\/wp-content\/uploads\/2024\/12\/local_2024_nb_web_4.jpg?resize=1536%2C864&amp;ssl=1 1536w, https:\/\/i0.wp.com\/topo.art\/chantier\/wp-content\/uploads\/2024\/12\/local_2024_nb_web_4.jpg?resize=18%2C10&amp;ssl=1 18w, https:\/\/i0.wp.com\/topo.art\/chantier\/wp-content\/uploads\/2024\/12\/local_2024_nb_web_4.jpg?w=1600&amp;ssl=1 1600w\" sizes=\"(max-width: 800px) 100vw, 800px\" \/>\t\t\t\t\t\t\t\t\t\t\t\t\t\t\t<\/div>\n\t\t\t\t<\/div>\n\t\t<div class=\"elementor-element elementor-element-58a7ef7 e-flex e-con-boxed e-con e-child\" data-id=\"58a7ef7\" data-element_type=\"container\">\n\t\t\t\t\t<div class=\"e-con-inner\">\n\t\t\t\t<div class=\"elementor-element elementor-element-6be9933 elementor-widget elementor-widget-heading\" data-id=\"6be9933\" data-element_type=\"widget\" data-widget_type=\"heading.default\">\n\t\t\t\t<div class=\"elementor-widget-container\">\n\t\t\t\t\t<h2 class=\"elementor-heading-title elementor-size-default\">Rent our production space<\/h2>\t\t\t\t<\/div>\n\t\t\t\t<\/div>\n\t\t\t\t<div class=\"elementor-element elementor-element-5e88ee0 elementor-widget elementor-widget-text-editor\" data-id=\"5e88ee0\" data-element_type=\"widget\" data-widget_type=\"text-editor.default\">\n\t\t\t\t<div class=\"elementor-widget-container\">\n\t\t\t\t\t\t\t\t\t<p>1,200 square feet in the heart of Mile End for one-off artistic, professional, and event projects.<\/p>\t\t\t\t\t\t\t\t<\/div>\n\t\t\t\t<\/div>\n\t\t\t\t\t<\/div>\n\t\t\t\t<\/div>\n\t\t\t\t<\/a>\n\t\t<a class=\"elementor-element elementor-element-acf49b2 e-con-full e-flex e-con e-child\" data-id=\"acf49b2\" data-element_type=\"container\" href=\"https:\/\/topo.art\/en\/locations\/equipement\/\">\n\t\t\t\t<div class=\"elementor-element elementor-element-2c59d9c elementor-widget elementor-widget-image\" data-id=\"2c59d9c\" data-element_type=\"widget\" data-widget_type=\"image.default\">\n\t\t\t\t<div class=\"elementor-widget-container\">\n\t\t\t\t\t\t\t\t\t\t\t\t\t\t\t<img decoding=\"async\" width=\"800\" height=\"395\" src=\"https:\/\/i0.wp.com\/topo.art\/chantier\/wp-content\/uploads\/2024\/05\/projos-topo-ext.jpg?fit=800%2C395&amp;ssl=1\" class=\"attachment-large size-large wp-image-4062\" alt=\"\" srcset=\"https:\/\/i0.wp.com\/topo.art\/chantier\/wp-content\/uploads\/2024\/05\/projos-topo-ext.jpg?w=1384&amp;ssl=1 1384w, https:\/\/i0.wp.com\/topo.art\/chantier\/wp-content\/uploads\/2024\/05\/projos-topo-ext.jpg?resize=300%2C148&amp;ssl=1 300w, https:\/\/i0.wp.com\/topo.art\/chantier\/wp-content\/uploads\/2024\/05\/projos-topo-ext.jpg?resize=1024%2C505&amp;ssl=1 1024w, https:\/\/i0.wp.com\/topo.art\/chantier\/wp-content\/uploads\/2024\/05\/projos-topo-ext.jpg?resize=768%2C379&amp;ssl=1 768w, https:\/\/i0.wp.com\/topo.art\/chantier\/wp-content\/uploads\/2024\/05\/projos-topo-ext.jpg?resize=18%2C9&amp;ssl=1 18w\" sizes=\"(max-width: 800px) 100vw, 800px\" \/>\t\t\t\t\t\t\t\t\t\t\t\t\t\t\t<\/div>\n\t\t\t\t<\/div>\n\t\t<div class=\"elementor-element elementor-element-5d0371e e-flex e-con-boxed e-con e-child\" data-id=\"5d0371e\" data-element_type=\"container\">\n\t\t\t\t\t<div class=\"e-con-inner\">\n\t\t\t\t<div class=\"elementor-element elementor-element-2ec1f29 elementor-widget elementor-widget-heading\" data-id=\"2ec1f29\" data-element_type=\"widget\" data-widget_type=\"heading.default\">\n\t\t\t\t<div class=\"elementor-widget-container\">\n\t\t\t\t\t<h2 class=\"elementor-heading-title elementor-size-default\">Rent our equipement<\/h2>\t\t\t\t<\/div>\n\t\t\t\t<\/div>\n\t\t\t\t<div class=\"elementor-element elementor-element-f8bbe91 elementor-widget elementor-widget-text-editor\" data-id=\"f8bbe91\" data-element_type=\"widget\" data-widget_type=\"text-editor.default\">\n\t\t\t\t<div class=\"elementor-widget-container\">\n\t\t\t\t\t\t\t\t\t<p>A wide variety of media equipment is available for rent.<\/p>\t\t\t\t\t\t\t\t<\/div>\n\t\t\t\t<\/div>\n\t\t\t\t\t<\/div>\n\t\t\t\t<\/div>\n\t\t\t\t<\/a>\n\t\t\t\t\t<\/div>\n\t\t\t\t<\/div>\n\t\t\t\t<\/div>","protected":false},"excerpt":{"rendered":"<p>Louer notre espace de production 1200 pi2 en plein c\u0153ur du Mile End pour des projets ponctuels artistiques, professionnels et \u00e9v\u00e9nementiels. Louer de l\u2019\u00e9quipement Une grande vari\u00e9t\u00e9 d\u2019\u00e9quipement m\u00e9diatique est disponible \u00e0 la location.<\/p>","protected":false},"author":1,"featured_media":0,"parent":0,"menu_order":0,"comment_status":"closed","ping_status":"closed","template":"","meta":{"_acf_changed":false,"footnotes":""},"class_list":["post-313","page","type-page","status-publish","hentry"],"acf":[],"yoast_head":"<!-- This site is optimized with the Yoast SEO plugin v25.3.1 - https:\/\/yoast.com\/wordpress\/plugins\/seo\/ -->\n<title>Locations &#8226; TOPO - Centre de cr\u00e9ation num\u00e9rique<\/title>\n<meta name=\"description\" content=\"Situ\u00e9 dans le Mile-End, \u00e0 Montr\u00e9al, TOPO offre \u00e0 la location son espace de production et du \u00e9quipement m\u00e9diatique \u00e0 prix avantageux.\" \/>\n<meta name=\"robots\" content=\"index, follow, max-snippet:-1, max-image-preview:large, max-video-preview:-1\" \/>\n<link rel=\"canonical\" href=\"https:\/\/topo.art\/en\/locations\/\" \/>\n<meta property=\"og:locale\" content=\"en_US\" \/>\n<meta property=\"og:type\" content=\"article\" \/>\n<meta property=\"og:title\" content=\"Locations &#8226; TOPO - Centre de cr\u00e9ation num\u00e9rique\" \/>\n<meta property=\"og:description\" content=\"Situ\u00e9 dans le Mile-End, \u00e0 Montr\u00e9al, TOPO offre \u00e0 la location son espace de production et du \u00e9quipement m\u00e9diatique \u00e0 prix avantageux.\" \/>\n<meta property=\"og:url\" content=\"https:\/\/topo.art\/en\/locations\/\" \/>\n<meta property=\"og:site_name\" content=\"TOPO - Centre de cr\u00e9ation num\u00e9rique\" \/>\n<meta property=\"article:publisher\" content=\"https:\/\/www.facebook.com\/topomtl\" \/>\n<meta property=\"article:modified_time\" content=\"2025-02-05T20:09:39+00:00\" \/>\n<meta property=\"og:image\" content=\"https:\/\/topo.art\/chantier\/wp-content\/uploads\/2024\/12\/local_2024_nb_web_4-1024x576.jpg\" \/>\n<meta name=\"twitter:card\" content=\"summary_large_image\" \/>\n<meta name=\"twitter:label1\" content=\"Est. reading time\" \/>\n\t<meta name=\"twitter:data1\" content=\"1 minute\" \/>\n<script type=\"application\/ld+json\" class=\"yoast-schema-graph\">{\"@context\":\"https:\/\/schema.org\",\"@graph\":[{\"@type\":\"WebPage\",\"@id\":\"https:\/\/topo.art\/locations\/\",\"url\":\"https:\/\/topo.art\/locations\/\",\"name\":\"Locations &#8226; TOPO - Centre de cr\u00e9ation num\u00e9rique\",\"isPartOf\":{\"@id\":\"https:\/\/topo.art\/#website\"},\"primaryImageOfPage\":{\"@id\":\"https:\/\/topo.art\/locations\/#primaryimage\"},\"image\":{\"@id\":\"https:\/\/topo.art\/locations\/#primaryimage\"},\"thumbnailUrl\":\"https:\/\/topo.art\/chantier\/wp-content\/uploads\/2024\/12\/local_2024_nb_web_4-1024x576.jpg\",\"datePublished\":\"2024-02-15T19:11:02+00:00\",\"dateModified\":\"2025-02-05T20:09:39+00:00\",\"description\":\"Situ\u00e9 dans le Mile-End, \u00e0 Montr\u00e9al, TOPO offre \u00e0 la location son espace de production et du \u00e9quipement m\u00e9diatique \u00e0 prix avantageux.\",\"breadcrumb\":{\"@id\":\"https:\/\/topo.art\/locations\/#breadcrumb\"},\"inLanguage\":\"en-CA\",\"potentialAction\":[{\"@type\":\"ReadAction\",\"target\":[\"https:\/\/topo.art\/locations\/\"]}]},{\"@type\":\"ImageObject\",\"inLanguage\":\"en-CA\",\"@id\":\"https:\/\/topo.art\/locations\/#primaryimage\",\"url\":\"https:\/\/topo.art\/chantier\/wp-content\/uploads\/2024\/12\/local_2024_nb_web_4-1024x576.jpg\",\"contentUrl\":\"https:\/\/topo.art\/chantier\/wp-content\/uploads\/2024\/12\/local_2024_nb_web_4-1024x576.jpg\"},{\"@type\":\"BreadcrumbList\",\"@id\":\"https:\/\/topo.art\/locations\/#breadcrumb\",\"itemListElement\":[{\"@type\":\"ListItem\",\"position\":1,\"name\":\"Accueil\",\"item\":\"https:\/\/topo.art\/\"},{\"@type\":\"ListItem\",\"position\":2,\"name\":\"Locations\"}]},{\"@type\":\"WebSite\",\"@id\":\"https:\/\/topo.art\/#website\",\"url\":\"https:\/\/topo.art\/\",\"name\":\"TOPO - Centre de cr\u00e9ation num\u00e9rique\",\"description\":\"Centre d&#039;artistes montr\u00e9alais en art num\u00e9rique.\",\"publisher\":{\"@id\":\"https:\/\/topo.art\/#organization\"},\"alternateName\":\"TOPO\",\"potentialAction\":[{\"@type\":\"SearchAction\",\"target\":{\"@type\":\"EntryPoint\",\"urlTemplate\":\"https:\/\/topo.art\/?s={search_term_string}\"},\"query-input\":{\"@type\":\"PropertyValueSpecification\",\"valueRequired\":true,\"valueName\":\"search_term_string\"}}],\"inLanguage\":\"en-CA\"},{\"@type\":\"Organization\",\"@id\":\"https:\/\/topo.art\/#organization\",\"name\":\"TOPO - Centre de cr\u00e9ation num\u00e9rique\",\"alternateName\":\"TOPO\",\"url\":\"https:\/\/topo.art\/\",\"logo\":{\"@type\":\"ImageObject\",\"inLanguage\":\"en-CA\",\"@id\":\"https:\/\/topo.art\/#\/schema\/logo\/image\/\",\"url\":\"https:\/\/topo.art\/chantier\/wp-content\/uploads\/2024\/01\/logo_topo2024.svg\",\"contentUrl\":\"https:\/\/topo.art\/chantier\/wp-content\/uploads\/2024\/01\/logo_topo2024.svg\",\"width\":887,\"height\":250,\"caption\":\"TOPO - Centre de cr\u00e9ation num\u00e9rique\"},\"image\":{\"@id\":\"https:\/\/topo.art\/#\/schema\/logo\/image\/\"},\"sameAs\":[\"https:\/\/www.facebook.com\/topomtl\",\"https:\/\/www.instagram.com\/topo_mtl\/\",\"https:\/\/bsky.app\/profile\/topo-mtl.bsky.social\"]}]}<\/script>\n<!-- \/ Yoast SEO plugin. -->","yoast_head_json":{"title":"Locations &#8226; TOPO - Centre de cr\u00e9ation num\u00e9rique","description":"Situ\u00e9 dans le Mile-End, \u00e0 Montr\u00e9al, TOPO offre \u00e0 la location son espace de production et du \u00e9quipement m\u00e9diatique \u00e0 prix avantageux.","robots":{"index":"index","follow":"follow","max-snippet":"max-snippet:-1","max-image-preview":"max-image-preview:large","max-video-preview":"max-video-preview:-1"},"canonical":"https:\/\/topo.art\/en\/locations\/","og_locale":"en_US","og_type":"article","og_title":"Locations &#8226; TOPO - Centre de cr\u00e9ation num\u00e9rique","og_description":"Situ\u00e9 dans le Mile-End, \u00e0 Montr\u00e9al, TOPO offre \u00e0 la location son espace de production et du \u00e9quipement m\u00e9diatique \u00e0 prix avantageux.","og_url":"https:\/\/topo.art\/en\/locations\/","og_site_name":"TOPO - Centre de cr\u00e9ation num\u00e9rique","article_publisher":"https:\/\/www.facebook.com\/topomtl","article_modified_time":"2025-02-05T20:09:39+00:00","og_image":[{"url":"https:\/\/topo.art\/chantier\/wp-content\/uploads\/2024\/12\/local_2024_nb_web_4-1024x576.jpg","type":"","width":"","height":""}],"twitter_card":"summary_large_image","twitter_misc":{"Est. reading time":"1 minute"},"schema":{"@context":"https:\/\/schema.org","@graph":[{"@type":"WebPage","@id":"https:\/\/topo.art\/locations\/","url":"https:\/\/topo.art\/locations\/","name":"Locations &#8226; TOPO - Centre de cr\u00e9ation num\u00e9rique","isPartOf":{"@id":"https:\/\/topo.art\/#website"},"primaryImageOfPage":{"@id":"https:\/\/topo.art\/locations\/#primaryimage"},"image":{"@id":"https:\/\/topo.art\/locations\/#primaryimage"},"thumbnailUrl":"https:\/\/topo.art\/chantier\/wp-content\/uploads\/2024\/12\/local_2024_nb_web_4-1024x576.jpg","datePublished":"2024-02-15T19:11:02+00:00","dateModified":"2025-02-05T20:09:39+00:00","description":"Situ\u00e9 dans le Mile-End, \u00e0 Montr\u00e9al, TOPO offre \u00e0 la location son espace de production et du \u00e9quipement m\u00e9diatique \u00e0 prix avantageux.","breadcrumb":{"@id":"https:\/\/topo.art\/locations\/#breadcrumb"},"inLanguage":"en-CA","potentialAction":[{"@type":"ReadAction","target":["https:\/\/topo.art\/locations\/"]}]},{"@type":"ImageObject","inLanguage":"en-CA","@id":"https:\/\/topo.art\/locations\/#primaryimage","url":"https:\/\/topo.art\/chantier\/wp-content\/uploads\/2024\/12\/local_2024_nb_web_4-1024x576.jpg","contentUrl":"https:\/\/topo.art\/chantier\/wp-content\/uploads\/2024\/12\/local_2024_nb_web_4-1024x576.jpg"},{"@type":"BreadcrumbList","@id":"https:\/\/topo.art\/locations\/#breadcrumb","itemListElement":[{"@type":"ListItem","position":1,"name":"Accueil","item":"https:\/\/topo.art\/"},{"@type":"ListItem","position":2,"name":"Locations"}]},{"@type":"WebSite","@id":"https:\/\/topo.art\/#website","url":"https:\/\/topo.art\/","name":"TOPO - Centre de cr\u00e9ation num\u00e9rique","description":"Centre d&#039;artistes montr\u00e9alais en art num\u00e9rique.","publisher":{"@id":"https:\/\/topo.art\/#organization"},"alternateName":"TOPO","potentialAction":[{"@type":"SearchAction","target":{"@type":"EntryPoint","urlTemplate":"https:\/\/topo.art\/?s={search_term_string}"},"query-input":{"@type":"PropertyValueSpecification","valueRequired":true,"valueName":"search_term_string"}}],"inLanguage":"en-CA"},{"@type":"Organization","@id":"https:\/\/topo.art\/#organization","name":"TOPO - Centre de cr\u00e9ation num\u00e9rique","alternateName":"TOPO","url":"https:\/\/topo.art\/","logo":{"@type":"ImageObject","inLanguage":"en-CA","@id":"https:\/\/topo.art\/#\/schema\/logo\/image\/","url":"https:\/\/topo.art\/chantier\/wp-content\/uploads\/2024\/01\/logo_topo2024.svg","contentUrl":"https:\/\/topo.art\/chantier\/wp-content\/uploads\/2024\/01\/logo_topo2024.svg","width":887,"height":250,"caption":"TOPO - Centre de cr\u00e9ation num\u00e9rique"},"image":{"@id":"https:\/\/topo.art\/#\/schema\/logo\/image\/"},"sameAs":["https:\/\/www.facebook.com\/topomtl","https:\/\/www.instagram.com\/topo_mtl\/","https:\/\/bsky.app\/profile\/topo-mtl.bsky.social"]}]}},"_links":{"self":[{"href":"https:\/\/topo.art\/en\/wp-json\/wp\/v2\/pages\/313","targetHints":{"allow":["GET"]}}],"collection":[{"href":"https:\/\/topo.art\/en\/wp-json\/wp\/v2\/pages"}],"about":[{"href":"https:\/\/topo.art\/en\/wp-json\/wp\/v2\/types\/page"}],"author":[{"embeddable":true,"href":"https:\/\/topo.art\/en\/wp-json\/wp\/v2\/users\/1"}],"replies":[{"embeddable":true,"href":"https:\/\/topo.art\/en\/wp-json\/wp\/v2\/comments?post=313"}],"version-history":[{"count":75,"href":"https:\/\/topo.art\/en\/wp-json\/wp\/v2\/pages\/313\/revisions"}],"predecessor-version":[{"id":7719,"href":"https:\/\/topo.art\/en\/wp-json\/wp\/v2\/pages\/313\/revisions\/7719"}],"wp:attachment":[{"href":"https:\/\/topo.art\/en\/wp-json\/wp\/v2\/media?parent=313"}],"curies":[{"name":"wp","href":"https:\/\/api.w.org\/{rel}","templated":true}]}}