{"id":1678,"date":"2024-04-11T17:19:12","date_gmt":"2024-04-11T21:19:12","guid":{"rendered":"https:\/\/topo.art\/chantier\/?page_id=1678"},"modified":"2025-12-03T12:55:17","modified_gmt":"2025-12-03T16:55:17","slug":"infolettre","status":"publish","type":"page","link":"https:\/\/topo.art\/en\/a-propos\/infolettre\/","title":{"rendered":"Newsletter"},"content":{"rendered":"<div data-elementor-type=\"wp-page\" data-elementor-id=\"1678\" class=\"elementor elementor-1678\" data-elementor-post-type=\"page\">\n\t\t\t\t<div class=\"elementor-element elementor-element-8e900c6 e-con-full e-flex e-con e-parent\" data-id=\"8e900c6\" data-element_type=\"container\">\n\t\t\t\t<div class=\"elementor-element elementor-element-2282957 elementor-widget elementor-widget-text-editor\" data-id=\"2282957\" data-element_type=\"widget\" data-widget_type=\"text-editor.default\">\n\t\t\t\t<div class=\"elementor-widget-container\">\n\t\t\t\t\t\t\t\t\tSubscribe to receive information about TOPO exhibitions, training courses and events (about once a month).<br>You can unsubscribe at any time !\t\t\t\t\t\t\t\t<\/div>\n\t\t\t\t<\/div>\n\t\t\t\t<div class=\"elementor-element elementor-element-1d23c35 elementor-widget__width-initial elementor-widget elementor-widget-html\" data-id=\"1d23c35\" data-element_type=\"widget\" data-widget_type=\"html.default\">\n\t\t\t\t<div class=\"elementor-widget-container\">\n\t\t\t\t\t<style>.form-container-2{box-sizing:border-box;margin:0 auto;} .form-group-2{padding-bottom:12px;}.form-group-2 label{color:#3a3a3a;font-size:16px;font-weight:600;display:block;margin-bottom:10px;margin-left:2px;}.form-group-2>p{color:#4a4a4a;font-size:18px;margin:0}.form-group-2 input[type=date],.form-group-2 input[type=datetime-local],.form-group-2 input[type=email],.form-group-2 input[type=number],.form-group-2 input[type=text],.form-group-2 select{border:1px solid #3a3a3a;padding:.4rem .8rem;border-radius:2px;width:100%;font-size:16px;font-weight:300;box-sizing:border-box}.form-group-2 input[type=date]:focus,.form-group-2 input[type=datetime-local]:focus,.form-group-2 input[type=email]:focus,.form-group-2 input[type=number]:focus,.form-group-2 input[type=text]:focus,.form-group-2 select:focus{outline:1px}.form-group-2 input[type=date]::placeholder,.form-group-2 input[type=datetime-local]::placeholder,.form-group-2 input[type=email]::placeholder,.form-group-2 input[type=number]::placeholder,.form-group-2 input[type=text]::placeholder,.form-group-2 select::placeholder{font-style:italic}.form-group-2 input[type=date],.form-group-2 input[type=datetime-local]{padding:.25rem .6rem}.form-group-2 select{height:2.05rem;width:100%;background-color:transparent;cursor:pointer; }.form-group-2 button{margin-top:5px;background-color:#3a3a3a;font-weight:600;font-size:16px;color:#fff;padding:.6rem 1.5rem;border:1px solid #3a3a3a;cursor:pointer}.fb-text input[type=checkbox]{margin-right:12px;font-size:3em;margin-left:0;margin-top:.5rem;margin-bottom:5px}.checkbox-group,.radio-group{margin-top:.8em}.fb-checkbox,.fb-radio{margin-bottom:10px}.fb-checkbox input[type=checkbox],.fb-checkbox input[type=radio],.fb-radio input[type=checkbox],.fb-radio input[type=radio]{margin-right:12px;font-size:3em;margin-left:0;margin-top:0}.fb-checkbox label,.fb-radio label{display:inline-block;margin:0}.fb-checkbox:first-child,.fb-radio:first-child{margin-top:10px}.fb-checkbox:last-child,.fb-radio:last-child{margin-bottom:px}<\/style>\n\n<div class=\"form-container-2\">\n\t<form novalidate=\"\" method=\"post\" action=\"https:\/\/link.whc.ca\/ngs\/1384570\/ijUhJXIjtTpXsC1bKpNI\/embedded\">\n\t\t<div class=\"form-group-2 fb-text\">\n\t\t\t<label>Email<\/label>\n\t\t\t<input type=\"email\" name=\"email\">\n\t\t<\/div>\n\t\t<div class=\"form-group-2 fb-text\">\n\t\t\t<label>Name<\/label>\n\t\t\t<input type=\"text\" class=\"form-control\" name=\"attributes[nom]\">\n\t\t<\/div>\n\t\t<div class=\"form-group-2 fb-text\">\n\t\t\t<label>Organisation<\/label>\n\t\t\t<input type=\"text\" class=\"form-control\" name=\"attributes[organisation]\">\n\t\t<\/div>\n\t\t<div class=\"form-group-2 fb-button\">\n\t\t\t<button type=\"submit\">Sign up<\/button>\n\t\t<\/div>\n\t<\/form>\n<\/div>\n\t\t\t\t<\/div>\n\t\t\t\t<\/div>\n\t\t\t\t<\/div>\n\t\t\t\t<\/div>","protected":false},"excerpt":{"rendered":"<p>Abonnez-vous pour \u00eatre inform\u00e9s au sujet des expositions, formations et \u00e9v\u00e9nements de TOPO (environ une fois par mois).Vous pourrez vous d\u00e9sabonner \u00e0 tout moment ! Courriel Nom Pr\u00e9nom Organisation S&rsquo;abonner<\/p>","protected":false},"author":1,"featured_media":0,"parent":291,"menu_order":0,"comment_status":"closed","ping_status":"closed","template":"","meta":{"_acf_changed":false,"footnotes":""},"class_list":["post-1678","page","type-page","status-publish","hentry"],"acf":[],"yoast_head":"<!-- This site is optimized with the Yoast SEO plugin v25.3.1 - https:\/\/yoast.com\/wordpress\/plugins\/seo\/ -->\n<title>Infolettre &#8226; TOPO - Centre de cr\u00e9ation num\u00e9rique<\/title>\n<meta name=\"description\" content=\"Abonnez-vous pour \u00eatre inform\u00e9s au sujet des expositions, formations et \u00e9v\u00e9nements de TOPO centre d&#039;art num\u00e9rique \u00e0 Montr\u00e9al\" \/>\n<meta name=\"robots\" content=\"index, follow, max-snippet:-1, max-image-preview:large, max-video-preview:-1\" \/>\n<link rel=\"canonical\" href=\"https:\/\/topo.art\/en\/a-propos\/infolettre\/\" \/>\n<meta property=\"og:locale\" content=\"en_US\" \/>\n<meta property=\"og:type\" content=\"article\" \/>\n<meta property=\"og:title\" content=\"Infolettre &#8226; TOPO - Centre de cr\u00e9ation num\u00e9rique\" \/>\n<meta property=\"og:description\" content=\"Abonnez-vous pour \u00eatre inform\u00e9s au sujet des expositions, formations et \u00e9v\u00e9nements de TOPO centre d&#039;art num\u00e9rique \u00e0 Montr\u00e9al\" \/>\n<meta property=\"og:url\" content=\"https:\/\/topo.art\/en\/a-propos\/infolettre\/\" \/>\n<meta property=\"og:site_name\" content=\"TOPO - Centre de cr\u00e9ation num\u00e9rique\" \/>\n<meta property=\"article:publisher\" content=\"https:\/\/www.facebook.com\/topomtl\" \/>\n<meta property=\"article:modified_time\" content=\"2025-12-03T16:55:17+00:00\" \/>\n<meta property=\"og:image\" content=\"https:\/\/i0.wp.com\/topo.art\/chantier\/wp-content\/uploads\/2024\/05\/logo-topo-centre-de-creation-numerique-1200x675-1.jpg?fit=1200%2C675&ssl=1\" \/>\n\t<meta property=\"og:image:width\" content=\"1200\" \/>\n\t<meta property=\"og:image:height\" content=\"675\" \/>\n\t<meta property=\"og:image:type\" content=\"image\/jpeg\" \/>\n<meta name=\"twitter:card\" content=\"summary_large_image\" \/>\n<meta name=\"twitter:label1\" content=\"Est. reading time\" \/>\n\t<meta name=\"twitter:data1\" content=\"1 minute\" \/>\n<script type=\"application\/ld+json\" class=\"yoast-schema-graph\">{\"@context\":\"https:\/\/schema.org\",\"@graph\":[{\"@type\":\"WebPage\",\"@id\":\"https:\/\/topo.art\/a-propos\/infolettre\/\",\"url\":\"https:\/\/topo.art\/a-propos\/infolettre\/\",\"name\":\"Infolettre &#8226; TOPO - Centre de cr\u00e9ation num\u00e9rique\",\"isPartOf\":{\"@id\":\"https:\/\/topo.art\/#website\"},\"datePublished\":\"2024-04-11T21:19:12+00:00\",\"dateModified\":\"2025-12-03T16:55:17+00:00\",\"description\":\"Abonnez-vous pour \u00eatre inform\u00e9s au sujet des expositions, formations et \u00e9v\u00e9nements de TOPO centre d'art num\u00e9rique \u00e0 Montr\u00e9al\",\"breadcrumb\":{\"@id\":\"https:\/\/topo.art\/a-propos\/infolettre\/#breadcrumb\"},\"inLanguage\":\"en-CA\",\"potentialAction\":[{\"@type\":\"ReadAction\",\"target\":[\"https:\/\/topo.art\/a-propos\/infolettre\/\"]}]},{\"@type\":\"BreadcrumbList\",\"@id\":\"https:\/\/topo.art\/a-propos\/infolettre\/#breadcrumb\",\"itemListElement\":[{\"@type\":\"ListItem\",\"position\":1,\"name\":\"Accueil\",\"item\":\"https:\/\/topo.art\/\"},{\"@type\":\"ListItem\",\"position\":2,\"name\":\"\u00c0 propos\",\"item\":\"https:\/\/topo.art\/a-propos\/\"},{\"@type\":\"ListItem\",\"position\":3,\"name\":\"Infolettre\"}]},{\"@type\":\"WebSite\",\"@id\":\"https:\/\/topo.art\/#website\",\"url\":\"https:\/\/topo.art\/\",\"name\":\"TOPO - Centre de cr\u00e9ation num\u00e9rique\",\"description\":\"Centre d&#039;artistes montr\u00e9alais en art num\u00e9rique.\",\"publisher\":{\"@id\":\"https:\/\/topo.art\/#organization\"},\"alternateName\":\"TOPO\",\"potentialAction\":[{\"@type\":\"SearchAction\",\"target\":{\"@type\":\"EntryPoint\",\"urlTemplate\":\"https:\/\/topo.art\/?s={search_term_string}\"},\"query-input\":{\"@type\":\"PropertyValueSpecification\",\"valueRequired\":true,\"valueName\":\"search_term_string\"}}],\"inLanguage\":\"en-CA\"},{\"@type\":\"Organization\",\"@id\":\"https:\/\/topo.art\/#organization\",\"name\":\"TOPO - Centre de cr\u00e9ation num\u00e9rique\",\"alternateName\":\"TOPO\",\"url\":\"https:\/\/topo.art\/\",\"logo\":{\"@type\":\"ImageObject\",\"inLanguage\":\"en-CA\",\"@id\":\"https:\/\/topo.art\/#\/schema\/logo\/image\/\",\"url\":\"https:\/\/topo.art\/chantier\/wp-content\/uploads\/2024\/01\/logo_topo2024.svg\",\"contentUrl\":\"https:\/\/topo.art\/chantier\/wp-content\/uploads\/2024\/01\/logo_topo2024.svg\",\"width\":887,\"height\":250,\"caption\":\"TOPO - Centre de cr\u00e9ation num\u00e9rique\"},\"image\":{\"@id\":\"https:\/\/topo.art\/#\/schema\/logo\/image\/\"},\"sameAs\":[\"https:\/\/www.facebook.com\/topomtl\",\"https:\/\/www.instagram.com\/topo_mtl\/\",\"https:\/\/bsky.app\/profile\/topo-mtl.bsky.social\"]}]}<\/script>\n<!-- \/ Yoast SEO plugin. -->","yoast_head_json":{"title":"Infolettre &#8226; TOPO - Centre de cr\u00e9ation num\u00e9rique","description":"Abonnez-vous pour \u00eatre inform\u00e9s au sujet des expositions, formations et \u00e9v\u00e9nements de TOPO centre d'art num\u00e9rique \u00e0 Montr\u00e9al","robots":{"index":"index","follow":"follow","max-snippet":"max-snippet:-1","max-image-preview":"max-image-preview:large","max-video-preview":"max-video-preview:-1"},"canonical":"https:\/\/topo.art\/en\/a-propos\/infolettre\/","og_locale":"en_US","og_type":"article","og_title":"Infolettre &#8226; TOPO - Centre de cr\u00e9ation num\u00e9rique","og_description":"Abonnez-vous pour \u00eatre inform\u00e9s au sujet des expositions, formations et \u00e9v\u00e9nements de TOPO centre d'art num\u00e9rique \u00e0 Montr\u00e9al","og_url":"https:\/\/topo.art\/en\/a-propos\/infolettre\/","og_site_name":"TOPO - Centre de cr\u00e9ation num\u00e9rique","article_publisher":"https:\/\/www.facebook.com\/topomtl","article_modified_time":"2025-12-03T16:55:17+00:00","og_image":[{"width":1200,"height":675,"url":"https:\/\/i0.wp.com\/topo.art\/chantier\/wp-content\/uploads\/2024\/05\/logo-topo-centre-de-creation-numerique-1200x675-1.jpg?fit=1200%2C675&ssl=1","type":"image\/jpeg"}],"twitter_card":"summary_large_image","twitter_misc":{"Est. reading time":"1 minute"},"schema":{"@context":"https:\/\/schema.org","@graph":[{"@type":"WebPage","@id":"https:\/\/topo.art\/a-propos\/infolettre\/","url":"https:\/\/topo.art\/a-propos\/infolettre\/","name":"Infolettre &#8226; TOPO - Centre de cr\u00e9ation num\u00e9rique","isPartOf":{"@id":"https:\/\/topo.art\/#website"},"datePublished":"2024-04-11T21:19:12+00:00","dateModified":"2025-12-03T16:55:17+00:00","description":"Abonnez-vous pour \u00eatre inform\u00e9s au sujet des expositions, formations et \u00e9v\u00e9nements de TOPO centre d'art num\u00e9rique \u00e0 Montr\u00e9al","breadcrumb":{"@id":"https:\/\/topo.art\/a-propos\/infolettre\/#breadcrumb"},"inLanguage":"en-CA","potentialAction":[{"@type":"ReadAction","target":["https:\/\/topo.art\/a-propos\/infolettre\/"]}]},{"@type":"BreadcrumbList","@id":"https:\/\/topo.art\/a-propos\/infolettre\/#breadcrumb","itemListElement":[{"@type":"ListItem","position":1,"name":"Accueil","item":"https:\/\/topo.art\/"},{"@type":"ListItem","position":2,"name":"\u00c0 propos","item":"https:\/\/topo.art\/a-propos\/"},{"@type":"ListItem","position":3,"name":"Infolettre"}]},{"@type":"WebSite","@id":"https:\/\/topo.art\/#website","url":"https:\/\/topo.art\/","name":"TOPO - Centre de cr\u00e9ation num\u00e9rique","description":"Centre d&#039;artistes montr\u00e9alais en art num\u00e9rique.","publisher":{"@id":"https:\/\/topo.art\/#organization"},"alternateName":"TOPO","potentialAction":[{"@type":"SearchAction","target":{"@type":"EntryPoint","urlTemplate":"https:\/\/topo.art\/?s={search_term_string}"},"query-input":{"@type":"PropertyValueSpecification","valueRequired":true,"valueName":"search_term_string"}}],"inLanguage":"en-CA"},{"@type":"Organization","@id":"https:\/\/topo.art\/#organization","name":"TOPO - Centre de cr\u00e9ation num\u00e9rique","alternateName":"TOPO","url":"https:\/\/topo.art\/","logo":{"@type":"ImageObject","inLanguage":"en-CA","@id":"https:\/\/topo.art\/#\/schema\/logo\/image\/","url":"https:\/\/topo.art\/chantier\/wp-content\/uploads\/2024\/01\/logo_topo2024.svg","contentUrl":"https:\/\/topo.art\/chantier\/wp-content\/uploads\/2024\/01\/logo_topo2024.svg","width":887,"height":250,"caption":"TOPO - Centre de cr\u00e9ation num\u00e9rique"},"image":{"@id":"https:\/\/topo.art\/#\/schema\/logo\/image\/"},"sameAs":["https:\/\/www.facebook.com\/topomtl","https:\/\/www.instagram.com\/topo_mtl\/","https:\/\/bsky.app\/profile\/topo-mtl.bsky.social"]}]}},"_links":{"self":[{"href":"https:\/\/topo.art\/en\/wp-json\/wp\/v2\/pages\/1678","targetHints":{"allow":["GET"]}}],"collection":[{"href":"https:\/\/topo.art\/en\/wp-json\/wp\/v2\/pages"}],"about":[{"href":"https:\/\/topo.art\/en\/wp-json\/wp\/v2\/types\/page"}],"author":[{"embeddable":true,"href":"https:\/\/topo.art\/en\/wp-json\/wp\/v2\/users\/1"}],"replies":[{"embeddable":true,"href":"https:\/\/topo.art\/en\/wp-json\/wp\/v2\/comments?post=1678"}],"version-history":[{"count":41,"href":"https:\/\/topo.art\/en\/wp-json\/wp\/v2\/pages\/1678\/revisions"}],"predecessor-version":[{"id":9396,"href":"https:\/\/topo.art\/en\/wp-json\/wp\/v2\/pages\/1678\/revisions\/9396"}],"up":[{"embeddable":true,"href":"https:\/\/topo.art\/en\/wp-json\/wp\/v2\/pages\/291"}],"wp:attachment":[{"href":"https:\/\/topo.art\/en\/wp-json\/wp\/v2\/media?parent=1678"}],"curies":[{"name":"wp","href":"https:\/\/api.w.org\/{rel}","templated":true}]}}